{"id":915,"date":"2017-10-19T07:22:06","date_gmt":"2017-10-19T07:22:06","guid":{"rendered":"https:\/\/ctacustica.es\/?page_id=915"},"modified":"2018-05-31T14:06:16","modified_gmt":"2018-05-31T14:06:16","slug":"trabaja-con-nosotros","status":"publish","type":"page","link":"https:\/\/ctacustica.es\/en\/trabaja-con-nosotros\/","title":{"rendered":"Work with us"},"content":{"rendered":"<p>If you wish, you can leave us your \u2018blind CV\u2019, i.e. without any reference to your personal details such as name, gender, age and photograph, in order to focus on your skills and abilities.<\/p>\n<div class=\"wpcf7 no-js\" id=\"wpcf7-f918-o1\" lang=\"es-ES\" dir=\"ltr\" data-wpcf7-id=\"918\">\n<div class=\"screen-reader-response\">\n<p role=\"status\" aria-live=\"polite\" aria-atomic=\"true\">\n<ul><\/ul>\n<\/div>\n<form action=\"\/en\/wp-json\/wp\/v2\/pages\/915#wpcf7-f918-o1\" method=\"post\" class=\"wpcf7-form init\" aria-label=\"Formulario de contacto\" enctype=\"multipart\/form-data\" novalidate=\"novalidate\" data-status=\"init\" data-trp-original-action=\"\/en\/wp-json\/wp\/v2\/pages\/915#wpcf7-f918-o1\">\n<fieldset class=\"hidden-fields-container\"><input type=\"hidden\" name=\"_wpcf7\" value=\"918\" \/><input type=\"hidden\" name=\"_wpcf7_version\" value=\"6.1.5\" \/><input type=\"hidden\" name=\"_wpcf7_locale\" value=\"es_ES\" \/><input type=\"hidden\" name=\"_wpcf7_unit_tag\" value=\"wpcf7-f918-o1\" \/><input type=\"hidden\" name=\"_wpcf7_container_post\" value=\"0\" \/><input type=\"hidden\" name=\"_wpcf7_posted_data_hash\" value=\"\" \/><input type=\"hidden\" name=\"_wpcf7_recaptcha_response\" value=\"\" \/><br \/>\n<\/fieldset>\n<p><label> Apellidos<br \/>\n<span class=\"wpcf7-form-control-wrap\" data-name=\"your-apellidos\"><input size=\"40\" maxlength=\"400\" class=\"wpcf7-form-control wpcf7-text wpcf7-validates-as-required\" aria-required=\"true\" aria-invalid=\"false\" value=\"\" type=\"text\" name=\"your-apellidos\" \/><\/span> <\/label>\n<\/p>\n<p><label> Direcci\u00f3n<br \/>\n<span class=\"wpcf7-form-control-wrap\" data-name=\"your-direccion\"><input size=\"40\" maxlength=\"400\" class=\"wpcf7-form-control wpcf7-text wpcf7-validates-as-required\" aria-required=\"true\" aria-invalid=\"false\" value=\"\" type=\"text\" name=\"your-direccion\" \/><\/span> <\/label>\n<\/p>\n<p><label> Pa\u00eds<br \/>\n<span class=\"wpcf7-form-control-wrap\" data-name=\"your-pais\"><input size=\"40\" maxlength=\"400\" class=\"wpcf7-form-control wpcf7-text wpcf7-validates-as-required\" aria-required=\"true\" aria-invalid=\"false\" value=\"\" type=\"text\" name=\"your-pais\" \/><\/span> <\/label>\n<\/p>\n<p><label>E-mail<br \/>\n<span class=\"wpcf7-form-control-wrap\" data-name=\"your-email\"><input size=\"40\" maxlength=\"400\" class=\"wpcf7-form-control wpcf7-email wpcf7-validates-as-required wpcf7-text wpcf7-validates-as-email\" aria-required=\"true\" aria-invalid=\"false\" value=\"\" type=\"email\" name=\"your-email\" \/><\/span> <\/label>\n<\/p>\n<p><label>Curriculum ciego (formato PDF o WORD M\u00e1ximo 2 MG)<br \/>\n<span class=\"wpcf7-form-control-wrap\" data-name=\"file-503\"><input size=\"40\" class=\"wpcf7-form-control wpcf7-file wpcf7-validates-as-required\" accept=\".pdf,.doc,.docx\" aria-required=\"true\" aria-invalid=\"false\" type=\"file\" name=\"file-503\" \/><\/span> <\/label>\n<\/p>\n<p><span class=\"wpcf7-form-control-wrap\" data-name=\"acceptance-715\"><span class=\"wpcf7-form-control wpcf7-acceptance\"><span class=\"wpcf7-list-item\"><input type=\"checkbox\" name=\"acceptance-715\" value=\"1\" id=\"check\" aria-invalid=\"false\" \/><\/span><\/span><\/span><abbr title=\"El Responsable del fichero de Recursos Humanos y sus consiguientes tratamientos es  CENTRO TECNOLOGICO ACUSTICO, S.L. La finalidad del tratamiento de \u2018candidatos\u2019 es la gesti\u00f3n del proceso de selecci\u00f3n de personal de nuestra empresa mediante la recogida de Curr\u00edculum Vitae, su estudio y clasificaci\u00f3n, gesti\u00f3n de entrevistas de trabajo y en su caso, la preparaci\u00f3n de la formalizaci\u00f3n de la relaci\u00f3n laboral con las personas elegidas. Usted puede ejercitar los derechos de acceso, rectificaci\u00f3n, cancelaci\u00f3n, oposici\u00f3n y dem\u00e1s derechos en los t\u00e9rminos establecidos en la normativa vigente, as\u00ed como solicitar el env\u00edo de informaci\u00f3n adicional sobre nuestra pol\u00edtica de protecci\u00f3n de datos enviando un email: rgpd@ctacustica.es.\"><a href=\"https:\/\/ctacustica.es\/en\/autorizacion-de-recepcion-de-curricum-vitae\/\"_blank\">He le\u00eddo y acepto las condiciones de las cl\u00e1usulas descritas<\/a><\/abbr>\n<\/p>\n<p><input class=\"wpcf7-form-control wpcf7-submit has-spinner\" type=\"submit\" value=\"Enviar\" \/>\n<\/p>\n<p style=\"display: none !important;\" class=\"akismet-fields-container\" data-prefix=\"_wpcf7_ak_\"><label>&#916;<textarea name=\"_wpcf7_ak_hp_textarea\" cols=\"45\" rows=\"8\" maxlength=\"100\"><\/textarea><\/label><input type=\"hidden\" id=\"ak_js_1\" name=\"_wpcf7_ak_js\" value=\"99\"\/><script>document.getElementById( \"ak_js_1\" ).setAttribute( \"value\", ( new Date() ).getTime() );<\/script><\/p>\n<div class=\"wpcf7-response-output\" aria-hidden=\"true\"><\/div>\n<input type=\"hidden\" name=\"trp-form-language\" value=\"en\"\/><\/form>\n<\/div>\n<p><a href=\"https:\/\/ctacustica.es\/wp-content\/uploads\/2017\/10\/logos-cv-ciego.jpg\"><img loading=\"lazy\" decoding=\"async\" src=\"https:\/\/ctacustica.es\/wp-content\/uploads\/2017\/10\/logos-cv-ciego.jpg\" alt=\"\" width=\"757\" height=\"148\" class=\"aligncenter size-full wp-image-931\" srcset=\"https:\/\/ctacustica.es\/wp-content\/uploads\/2017\/10\/logos-cv-ciego.jpg 757w, https:\/\/ctacustica.es\/wp-content\/uploads\/2017\/10\/logos-cv-ciego-300x59.jpg 300w\" sizes=\"auto, (max-width: 757px) 100vw, 757px\" \/><\/a><\/p>","protected":false},"excerpt":{"rendered":"<p>If you wish, you can leave us your \u2018blind CV\u2019, i.e. without any reference to your personal details such as name, gender, age and photograph, in order to focus on your skills and abilities.<\/p>","protected":false},"author":9,"featured_media":0,"parent":0,"menu_order":0,"comment_status":"closed","ping_status":"closed","template":"","meta":{"footnotes":""},"class_list":["post-915","page","type-page","status-publish","hentry"],"yoast_head":"<!-- This site is optimized with the Yoast SEO plugin v27.4 - https:\/\/yoast.com\/product\/yoast-seo-wordpress\/ -->\n<title>Trabaja con nosotros<\/title>\n<meta name=\"robots\" content=\"index, follow, max-snippet:-1, max-image-preview:large, max-video-preview:-1\" \/>\n<link rel=\"canonical\" href=\"https:\/\/ctacustica.es\/en\/trabaja-con-nosotros\/\" \/>\n<meta property=\"og:locale\" content=\"en_GB\" \/>\n<meta property=\"og:type\" content=\"article\" \/>\n<meta property=\"og:title\" content=\"Trabaja con nosotros\" \/>\n<meta property=\"og:description\" content=\"Si lo estimas puedes dejarnos tu \u201ccurriculum ciego\u201d, es decir, sin ninguna referencia a tus datos personales como nombre, sexo, edad y fotograf\u00eda, con el fin de centrarlo en tus capacidades y habilidades.\" \/>\n<meta property=\"og:url\" content=\"https:\/\/ctacustica.es\/en\/trabaja-con-nosotros\/\" \/>\n<meta property=\"og:site_name\" content=\"Centro Tecnol\u00f3gico de Ac\u00fastica\" \/>\n<meta property=\"article:modified_time\" content=\"2018-05-31T14:06:16+00:00\" \/>\n<meta property=\"og:image\" content=\"https:\/\/ctacustica.es\/wp-content\/uploads\/2017\/10\/logos-cv-ciego.jpg\" \/>\n<meta name=\"twitter:card\" content=\"summary_large_image\" \/>\n<meta name=\"twitter:site\" content=\"@ctacustica\" \/>\n<script type=\"application\/ld+json\" class=\"yoast-schema-graph\">{\"@context\":\"https:\\\/\\\/schema.org\",\"@graph\":[{\"@type\":\"WebPage\",\"@id\":\"https:\\\/\\\/ctacustica.es\\\/trabaja-con-nosotros\\\/\",\"url\":\"https:\\\/\\\/ctacustica.es\\\/trabaja-con-nosotros\\\/\",\"name\":\"Trabaja con nosotros\",\"isPartOf\":{\"@id\":\"https:\\\/\\\/ctacustica.es\\\/#website\"},\"primaryImageOfPage\":{\"@id\":\"https:\\\/\\\/ctacustica.es\\\/trabaja-con-nosotros\\\/#primaryimage\"},\"image\":{\"@id\":\"https:\\\/\\\/ctacustica.es\\\/trabaja-con-nosotros\\\/#primaryimage\"},\"thumbnailUrl\":\"https:\\\/\\\/ctacustica.es\\\/wp-content\\\/uploads\\\/2017\\\/10\\\/logos-cv-ciego.jpg\",\"datePublished\":\"2017-10-19T07:22:06+00:00\",\"dateModified\":\"2018-05-31T14:06:16+00:00\",\"breadcrumb\":{\"@id\":\"https:\\\/\\\/ctacustica.es\\\/trabaja-con-nosotros\\\/#breadcrumb\"},\"inLanguage\":\"en-GB\",\"potentialAction\":[{\"@type\":\"ReadAction\",\"target\":[\"https:\\\/\\\/ctacustica.es\\\/trabaja-con-nosotros\\\/\"]}]},{\"@type\":\"ImageObject\",\"inLanguage\":\"en-GB\",\"@id\":\"https:\\\/\\\/ctacustica.es\\\/trabaja-con-nosotros\\\/#primaryimage\",\"url\":\"https:\\\/\\\/ctacustica.es\\\/wp-content\\\/uploads\\\/2017\\\/10\\\/logos-cv-ciego.jpg\",\"contentUrl\":\"https:\\\/\\\/ctacustica.es\\\/wp-content\\\/uploads\\\/2017\\\/10\\\/logos-cv-ciego.jpg\"},{\"@type\":\"BreadcrumbList\",\"@id\":\"https:\\\/\\\/ctacustica.es\\\/trabaja-con-nosotros\\\/#breadcrumb\",\"itemListElement\":[{\"@type\":\"ListItem\",\"position\":1,\"name\":\"Portada\",\"item\":\"https:\\\/\\\/ctacustica.es\\\/\"},{\"@type\":\"ListItem\",\"position\":2,\"name\":\"Trabaja con nosotros\"}]},{\"@type\":\"WebSite\",\"@id\":\"https:\\\/\\\/ctacustica.es\\\/#website\",\"url\":\"https:\\\/\\\/ctacustica.es\\\/\",\"name\":\"Centro Tecnol\u00f3gico de Ac\u00fastica\",\"description\":\"Pasi\u00f3n por la Ac\u00fastica\",\"publisher\":{\"@id\":\"https:\\\/\\\/ctacustica.es\\\/#organization\"},\"potentialAction\":[{\"@type\":\"SearchAction\",\"target\":{\"@type\":\"EntryPoint\",\"urlTemplate\":\"https:\\\/\\\/ctacustica.es\\\/?s={search_term_string}\"},\"query-input\":{\"@type\":\"PropertyValueSpecification\",\"valueRequired\":true,\"valueName\":\"search_term_string\"}}],\"inLanguage\":\"en-GB\"},{\"@type\":\"Organization\",\"@id\":\"https:\\\/\\\/ctacustica.es\\\/#organization\",\"name\":\"Centro Tecnol\u00f3gico de Ac\u00fastica\",\"url\":\"https:\\\/\\\/ctacustica.es\\\/\",\"logo\":{\"@type\":\"ImageObject\",\"inLanguage\":\"en-GB\",\"@id\":\"https:\\\/\\\/ctacustica.es\\\/#\\\/schema\\\/logo\\\/image\\\/\",\"url\":\"https:\\\/\\\/ctacustica.es\\\/wp-content\\\/uploads\\\/2012\\\/12\\\/ap144.png\",\"contentUrl\":\"https:\\\/\\\/ctacustica.es\\\/wp-content\\\/uploads\\\/2012\\\/12\\\/ap144.png\",\"width\":144,\"height\":144,\"caption\":\"Centro Tecnol\u00f3gico de Ac\u00fastica\"},\"image\":{\"@id\":\"https:\\\/\\\/ctacustica.es\\\/#\\\/schema\\\/logo\\\/image\\\/\"},\"sameAs\":[\"https:\\\/\\\/x.com\\\/ctacustica\"]}]}<\/script>\n<!-- \/ Yoast SEO plugin. -->","yoast_head_json":{"title":"Work with us","robots":{"index":"index","follow":"follow","max-snippet":"max-snippet:-1","max-image-preview":"max-image-preview:large","max-video-preview":"max-video-preview:-1"},"canonical":"https:\/\/ctacustica.es\/en\/trabaja-con-nosotros\/","og_locale":"en_GB","og_type":"article","og_title":"Trabaja con nosotros","og_description":"Si lo estimas puedes dejarnos tu \u201ccurriculum ciego\u201d, es decir, sin ninguna referencia a tus datos personales como nombre, sexo, edad y fotograf\u00eda, con el fin de centrarlo en tus capacidades y habilidades.","og_url":"https:\/\/ctacustica.es\/en\/trabaja-con-nosotros\/","og_site_name":"Centro Tecnol\u00f3gico de Ac\u00fastica","article_modified_time":"2018-05-31T14:06:16+00:00","og_image":[{"url":"https:\/\/ctacustica.es\/wp-content\/uploads\/2017\/10\/logos-cv-ciego.jpg","type":"","width":"","height":""}],"twitter_card":"summary_large_image","twitter_site":"@ctacustica","schema":{"@context":"https:\/\/schema.org","@graph":[{"@type":"WebPage","@id":"https:\/\/ctacustica.es\/trabaja-con-nosotros\/","url":"https:\/\/ctacustica.es\/trabaja-con-nosotros\/","name":"Work with us","isPartOf":{"@id":"https:\/\/ctacustica.es\/#website"},"primaryImageOfPage":{"@id":"https:\/\/ctacustica.es\/trabaja-con-nosotros\/#primaryimage"},"image":{"@id":"https:\/\/ctacustica.es\/trabaja-con-nosotros\/#primaryimage"},"thumbnailUrl":"https:\/\/ctacustica.es\/wp-content\/uploads\/2017\/10\/logos-cv-ciego.jpg","datePublished":"2017-10-19T07:22:06+00:00","dateModified":"2018-05-31T14:06:16+00:00","breadcrumb":{"@id":"https:\/\/ctacustica.es\/trabaja-con-nosotros\/#breadcrumb"},"inLanguage":"en-GB","potentialAction":[{"@type":"ReadAction","target":["https:\/\/ctacustica.es\/trabaja-con-nosotros\/"]}]},{"@type":"ImageObject","inLanguage":"en-GB","@id":"https:\/\/ctacustica.es\/trabaja-con-nosotros\/#primaryimage","url":"https:\/\/ctacustica.es\/wp-content\/uploads\/2017\/10\/logos-cv-ciego.jpg","contentUrl":"https:\/\/ctacustica.es\/wp-content\/uploads\/2017\/10\/logos-cv-ciego.jpg"},{"@type":"BreadcrumbList","@id":"https:\/\/ctacustica.es\/trabaja-con-nosotros\/#breadcrumb","itemListElement":[{"@type":"ListItem","position":1,"name":"Portada","item":"https:\/\/ctacustica.es\/"},{"@type":"ListItem","position":2,"name":"Trabaja con nosotros"}]},{"@type":"WebSite","@id":"https:\/\/ctacustica.es\/#website","url":"https:\/\/ctacustica.es\/","name":"CTA","description":"Pasi\u00f3n por la Ac\u00fastica","publisher":{"@id":"https:\/\/ctacustica.es\/#organization"},"potentialAction":[{"@type":"SearchAction","target":{"@type":"EntryPoint","urlTemplate":"https:\/\/ctacustica.es\/?s={search_term_string}"},"query-input":{"@type":"PropertyValueSpecification","valueRequired":true,"valueName":"search_term_string"}}],"inLanguage":"en-GB"},{"@type":"Organization","@id":"https:\/\/ctacustica.es\/#organization","name":"CTA","url":"https:\/\/ctacustica.es\/","logo":{"@type":"ImageObject","inLanguage":"en-GB","@id":"https:\/\/ctacustica.es\/#\/schema\/logo\/image\/","url":"https:\/\/ctacustica.es\/wp-content\/uploads\/2012\/12\/ap144.png","contentUrl":"https:\/\/ctacustica.es\/wp-content\/uploads\/2012\/12\/ap144.png","width":144,"height":144,"caption":"Centro Tecnol\u00f3gico de Ac\u00fastica"},"image":{"@id":"https:\/\/ctacustica.es\/#\/schema\/logo\/image\/"},"sameAs":["https:\/\/x.com\/ctacustica"]}]}},"_links":{"self":[{"href":"https:\/\/ctacustica.es\/en\/wp-json\/wp\/v2\/pages\/915","targetHints":{"allow":["GET"]}}],"collection":[{"href":"https:\/\/ctacustica.es\/en\/wp-json\/wp\/v2\/pages"}],"about":[{"href":"https:\/\/ctacustica.es\/en\/wp-json\/wp\/v2\/types\/page"}],"author":[{"embeddable":true,"href":"https:\/\/ctacustica.es\/en\/wp-json\/wp\/v2\/users\/9"}],"replies":[{"embeddable":true,"href":"https:\/\/ctacustica.es\/en\/wp-json\/wp\/v2\/comments?post=915"}],"version-history":[{"count":3,"href":"https:\/\/ctacustica.es\/en\/wp-json\/wp\/v2\/pages\/915\/revisions"}],"predecessor-version":[{"id":932,"href":"https:\/\/ctacustica.es\/en\/wp-json\/wp\/v2\/pages\/915\/revisions\/932"}],"wp:attachment":[{"href":"https:\/\/ctacustica.es\/en\/wp-json\/wp\/v2\/media?parent=915"}],"curies":[{"name":"wp","href":"https:\/\/api.w.org\/{rel}","templated":true}]}}