{"id":913,"date":"2017-10-19T07:21:18","date_gmt":"2017-10-19T07:21:18","guid":{"rendered":"https:\/\/ctacustica.es\/?page_id=913"},"modified":"2020-11-12T11:23:56","modified_gmt":"2020-11-12T11:23:56","slug":"autorizacion-de-recepcion-de-curricum-vitae","status":"publish","type":"page","link":"https:\/\/ctacustica.es\/en\/autorizacion-de-recepcion-de-curricum-vitae\/","title":{"rendered":"Autorizaci\u00f3n de Recepci\u00f3n de Curriculum Vitae"},"content":{"rendered":"<p><strong>INFORMACI\u00d3N B\u00c1SICA PROTECCI\u00d3N DE DATOS PARA CANDIDATOS DE EMPLEO DE CENTRO TECNOLOGICO ACUSTICO, S.L.:<\/strong><\/p>\n<p>El Responsable del fichero de Recursos Humanos y sus consiguientes tratamientos es\u00a0 CENTRO TECNOLOGICO ACUSTICO, S.L. La finalidad del tratamiento de \u2018candidatos\u2019 es la gesti\u00f3n del proceso de selecci\u00f3n de personal de nuestra empresa mediante la recogida de Curr\u00edculum Vitae, su estudio y clasificaci\u00f3n, gesti\u00f3n de entrevistas de trabajo y en su caso, la preparaci\u00f3n de la formalizaci\u00f3n de la relaci\u00f3n laboral con las personas elegidas.<\/p>\n<p>La legitimaci\u00f3n de los tratamientos de datos de car\u00e1cter personal se basa en el consentimiento libre e inequ\u00edvoco del interesado al facilitarnos su Curr\u00edculum Vitae.<\/p>\n<p>Usted puede ejercitar los derechos de acceso, rectificaci\u00f3n, cancelaci\u00f3n, oposici\u00f3n y dem\u00e1s derechos en los t\u00e9rminos establecidos en la normativa vigente, as\u00ed como solicitar el env\u00edo de informaci\u00f3n adicional sobre nuestra pol\u00edtica de protecci\u00f3n de datos mediante comunicaci\u00f3n escrita a CENTRO TECNOLOGICO ACUSTICO, S.L., en Parque tecnol\u00f3gico de Boecillo P28-30 47151 BOECILLO (provincia de VALLADOLID),E mail: rgpd@ctacustica.es.<\/p>\n<p>Le informamos que sus datos podr\u00e1n cederse a otras empresas de nuestro grupo para el estudio por su parte de necesidades de puestos vacantes.\u00a0 Las empresas de nuestro grupo objeto de la presente pol\u00edtica son:\u00a0 Audiotec;Noise Control&amp;management Debelectronics, s.l.<\/p>","protected":false},"excerpt":{"rendered":"<p>INFORMACI\u00d3N B\u00c1SICA PROTECCI\u00d3N DE DATOS PARA CANDIDATOS DE EMPLEO DE CENTRO TECNOLOGICO ACUSTICO, S.L.: El Responsable del fichero de Recursos Humanos y sus consiguientes tratamientos es\u00a0 CENTRO TECNOLOGICO ACUSTICO, S.L. La finalidad del tratamiento de \u2018candidatos\u2019 es la gesti\u00f3n del proceso de selecci\u00f3n de personal de nuestra empresa mediante la recogida de Curr\u00edculum Vitae, su [&hellip;]<\/p>\n","protected":false},"author":9,"featured_media":0,"parent":0,"menu_order":0,"comment_status":"closed","ping_status":"closed","template":"page-0.php","meta":{"footnotes":""},"class_list":["post-913","page","type-page","status-publish","hentry"],"yoast_head":"<!-- This site is optimized with the Yoast SEO plugin v27.4 - https:\/\/yoast.com\/product\/yoast-seo-wordpress\/ -->\n<title>Autorizaci\u00f3n de Recepci\u00f3n de Curriculum Vitae<\/title>\n<meta name=\"robots\" content=\"index, follow, max-snippet:-1, max-image-preview:large, max-video-preview:-1\" \/>\n<link rel=\"canonical\" href=\"https:\/\/ctacustica.es\/en\/autorizacion-de-recepcion-de-curricum-vitae\/\" \/>\n<meta property=\"og:locale\" content=\"en_GB\" \/>\n<meta property=\"og:type\" content=\"article\" \/>\n<meta property=\"og:title\" content=\"Autorizaci\u00f3n de Recepci\u00f3n de Curriculum Vitae\" \/>\n<meta property=\"og:description\" content=\"INFORMACI\u00d3N B\u00c1SICA PROTECCI\u00d3N DE DATOS PARA CANDIDATOS DE EMPLEO DE CENTRO TECNOLOGICO ACUSTICO, S.L.: El Responsable del fichero de Recursos Humanos y sus consiguientes tratamientos es\u00a0 CENTRO TECNOLOGICO ACUSTICO, S.L. La finalidad del tratamiento de \u2018candidatos\u2019 es la gesti\u00f3n del proceso de selecci\u00f3n de personal de nuestra empresa mediante la recogida de Curr\u00edculum Vitae, su [&hellip;]\" \/>\n<meta property=\"og:url\" content=\"https:\/\/ctacustica.es\/en\/autorizacion-de-recepcion-de-curricum-vitae\/\" \/>\n<meta property=\"og:site_name\" content=\"Centro Tecnol\u00f3gico de Ac\u00fastica\" \/>\n<meta property=\"article:modified_time\" content=\"2020-11-12T11:23:56+00:00\" \/>\n<meta name=\"twitter:card\" content=\"summary_large_image\" \/>\n<meta name=\"twitter:site\" content=\"@ctacustica\" \/>\n<meta name=\"twitter:label1\" content=\"Estimated reading time\" \/>\n\t<meta name=\"twitter:data1\" content=\"1 minute\" \/>\n<script type=\"application\/ld+json\" class=\"yoast-schema-graph\">{\"@context\":\"https:\\\/\\\/schema.org\",\"@graph\":[{\"@type\":\"WebPage\",\"@id\":\"https:\\\/\\\/ctacustica.es\\\/autorizacion-de-recepcion-de-curricum-vitae\\\/\",\"url\":\"https:\\\/\\\/ctacustica.es\\\/autorizacion-de-recepcion-de-curricum-vitae\\\/\",\"name\":\"Autorizaci\u00f3n de Recepci\u00f3n de Curriculum Vitae\",\"isPartOf\":{\"@id\":\"https:\\\/\\\/ctacustica.es\\\/#website\"},\"datePublished\":\"2017-10-19T07:21:18+00:00\",\"dateModified\":\"2020-11-12T11:23:56+00:00\",\"breadcrumb\":{\"@id\":\"https:\\\/\\\/ctacustica.es\\\/autorizacion-de-recepcion-de-curricum-vitae\\\/#breadcrumb\"},\"inLanguage\":\"en-GB\",\"potentialAction\":[{\"@type\":\"ReadAction\",\"target\":[\"https:\\\/\\\/ctacustica.es\\\/autorizacion-de-recepcion-de-curricum-vitae\\\/\"]}]},{\"@type\":\"BreadcrumbList\",\"@id\":\"https:\\\/\\\/ctacustica.es\\\/autorizacion-de-recepcion-de-curricum-vitae\\\/#breadcrumb\",\"itemListElement\":[{\"@type\":\"ListItem\",\"position\":1,\"name\":\"Portada\",\"item\":\"https:\\\/\\\/ctacustica.es\\\/\"},{\"@type\":\"ListItem\",\"position\":2,\"name\":\"Autorizaci\u00f3n de Recepci\u00f3n de Curriculum Vitae\"}]},{\"@type\":\"WebSite\",\"@id\":\"https:\\\/\\\/ctacustica.es\\\/#website\",\"url\":\"https:\\\/\\\/ctacustica.es\\\/\",\"name\":\"Centro Tecnol\u00f3gico de Ac\u00fastica\",\"description\":\"Pasi\u00f3n por la Ac\u00fastica\",\"publisher\":{\"@id\":\"https:\\\/\\\/ctacustica.es\\\/#organization\"},\"potentialAction\":[{\"@type\":\"SearchAction\",\"target\":{\"@type\":\"EntryPoint\",\"urlTemplate\":\"https:\\\/\\\/ctacustica.es\\\/?s={search_term_string}\"},\"query-input\":{\"@type\":\"PropertyValueSpecification\",\"valueRequired\":true,\"valueName\":\"search_term_string\"}}],\"inLanguage\":\"en-GB\"},{\"@type\":\"Organization\",\"@id\":\"https:\\\/\\\/ctacustica.es\\\/#organization\",\"name\":\"Centro Tecnol\u00f3gico de Ac\u00fastica\",\"url\":\"https:\\\/\\\/ctacustica.es\\\/\",\"logo\":{\"@type\":\"ImageObject\",\"inLanguage\":\"en-GB\",\"@id\":\"https:\\\/\\\/ctacustica.es\\\/#\\\/schema\\\/logo\\\/image\\\/\",\"url\":\"https:\\\/\\\/ctacustica.es\\\/wp-content\\\/uploads\\\/2012\\\/12\\\/ap144.png\",\"contentUrl\":\"https:\\\/\\\/ctacustica.es\\\/wp-content\\\/uploads\\\/2012\\\/12\\\/ap144.png\",\"width\":144,\"height\":144,\"caption\":\"Centro Tecnol\u00f3gico de Ac\u00fastica\"},\"image\":{\"@id\":\"https:\\\/\\\/ctacustica.es\\\/#\\\/schema\\\/logo\\\/image\\\/\"},\"sameAs\":[\"https:\\\/\\\/x.com\\\/ctacustica\"]}]}<\/script>\n<!-- \/ Yoast SEO plugin. -->","yoast_head_json":{"title":"Autorizaci\u00f3n de Recepci\u00f3n de Curriculum Vitae","robots":{"index":"index","follow":"follow","max-snippet":"max-snippet:-1","max-image-preview":"max-image-preview:large","max-video-preview":"max-video-preview:-1"},"canonical":"https:\/\/ctacustica.es\/en\/autorizacion-de-recepcion-de-curricum-vitae\/","og_locale":"en_GB","og_type":"article","og_title":"Autorizaci\u00f3n de Recepci\u00f3n de Curriculum Vitae","og_description":"INFORMACI\u00d3N B\u00c1SICA PROTECCI\u00d3N DE DATOS PARA CANDIDATOS DE EMPLEO DE CENTRO TECNOLOGICO ACUSTICO, S.L.: El Responsable del fichero de Recursos Humanos y sus consiguientes tratamientos es\u00a0 CENTRO TECNOLOGICO ACUSTICO, S.L. La finalidad del tratamiento de \u2018candidatos\u2019 es la gesti\u00f3n del proceso de selecci\u00f3n de personal de nuestra empresa mediante la recogida de Curr\u00edculum Vitae, su [&hellip;]","og_url":"https:\/\/ctacustica.es\/en\/autorizacion-de-recepcion-de-curricum-vitae\/","og_site_name":"Centro Tecnol\u00f3gico de Ac\u00fastica","article_modified_time":"2020-11-12T11:23:56+00:00","twitter_card":"summary_large_image","twitter_site":"@ctacustica","twitter_misc":{"Estimated reading time":"1 minute"},"schema":{"@context":"https:\/\/schema.org","@graph":[{"@type":"WebPage","@id":"https:\/\/ctacustica.es\/autorizacion-de-recepcion-de-curricum-vitae\/","url":"https:\/\/ctacustica.es\/autorizacion-de-recepcion-de-curricum-vitae\/","name":"Autorizaci\u00f3n de Recepci\u00f3n de Curriculum Vitae","isPartOf":{"@id":"https:\/\/ctacustica.es\/#website"},"datePublished":"2017-10-19T07:21:18+00:00","dateModified":"2020-11-12T11:23:56+00:00","breadcrumb":{"@id":"https:\/\/ctacustica.es\/autorizacion-de-recepcion-de-curricum-vitae\/#breadcrumb"},"inLanguage":"en-GB","potentialAction":[{"@type":"ReadAction","target":["https:\/\/ctacustica.es\/autorizacion-de-recepcion-de-curricum-vitae\/"]}]},{"@type":"BreadcrumbList","@id":"https:\/\/ctacustica.es\/autorizacion-de-recepcion-de-curricum-vitae\/#breadcrumb","itemListElement":[{"@type":"ListItem","position":1,"name":"Portada","item":"https:\/\/ctacustica.es\/"},{"@type":"ListItem","position":2,"name":"Autorizaci\u00f3n de Recepci\u00f3n de Curriculum Vitae"}]},{"@type":"WebSite","@id":"https:\/\/ctacustica.es\/#website","url":"https:\/\/ctacustica.es\/","name":"CTA","description":"Pasi\u00f3n por la Ac\u00fastica","publisher":{"@id":"https:\/\/ctacustica.es\/#organization"},"potentialAction":[{"@type":"SearchAction","target":{"@type":"EntryPoint","urlTemplate":"https:\/\/ctacustica.es\/?s={search_term_string}"},"query-input":{"@type":"PropertyValueSpecification","valueRequired":true,"valueName":"search_term_string"}}],"inLanguage":"en-GB"},{"@type":"Organization","@id":"https:\/\/ctacustica.es\/#organization","name":"CTA","url":"https:\/\/ctacustica.es\/","logo":{"@type":"ImageObject","inLanguage":"en-GB","@id":"https:\/\/ctacustica.es\/#\/schema\/logo\/image\/","url":"https:\/\/ctacustica.es\/wp-content\/uploads\/2012\/12\/ap144.png","contentUrl":"https:\/\/ctacustica.es\/wp-content\/uploads\/2012\/12\/ap144.png","width":144,"height":144,"caption":"Centro Tecnol\u00f3gico de Ac\u00fastica"},"image":{"@id":"https:\/\/ctacustica.es\/#\/schema\/logo\/image\/"},"sameAs":["https:\/\/x.com\/ctacustica"]}]}},"_links":{"self":[{"href":"https:\/\/ctacustica.es\/en\/wp-json\/wp\/v2\/pages\/913","targetHints":{"allow":["GET"]}}],"collection":[{"href":"https:\/\/ctacustica.es\/en\/wp-json\/wp\/v2\/pages"}],"about":[{"href":"https:\/\/ctacustica.es\/en\/wp-json\/wp\/v2\/types\/page"}],"author":[{"embeddable":true,"href":"https:\/\/ctacustica.es\/en\/wp-json\/wp\/v2\/users\/9"}],"replies":[{"embeddable":true,"href":"https:\/\/ctacustica.es\/en\/wp-json\/wp\/v2\/comments?post=913"}],"version-history":[{"count":9,"href":"https:\/\/ctacustica.es\/en\/wp-json\/wp\/v2\/pages\/913\/revisions"}],"predecessor-version":[{"id":1039,"href":"https:\/\/ctacustica.es\/en\/wp-json\/wp\/v2\/pages\/913\/revisions\/1039"}],"wp:attachment":[{"href":"https:\/\/ctacustica.es\/en\/wp-json\/wp\/v2\/media?parent=913"}],"curies":[{"name":"wp","href":"https:\/\/api.w.org\/{rel}","templated":true}]}}