{"id":872,"date":"2016-05-17T11:12:54","date_gmt":"2016-05-17T11:12:54","guid":{"rendered":"https:\/\/ctacustica.es\/?page_id=872"},"modified":"2025-01-27T08:17:23","modified_gmt":"2025-01-27T08:17:23","slug":"intercomparacion","status":"publish","type":"page","link":"https:\/\/ctacustica.es\/en\/intercomparacion\/","title":{"rendered":"Intercomparisons 2023"},"content":{"rendered":"<p style=\"text-align: justify;\">CTA is organising in 2023 a new programme of intercomparison tests of acoustic laboratories for the main acoustic scopes.<\/p>\n<p style=\"text-align: justify;\">The information can be found in the \u2018Consult the Programme\u2019 section on the right.<\/p>\n<p class=\"translation-block\"><strong>The registration period will be open from June 7th to July 7th 2023 with a 15% discount on the stipulated rates.<\/strong><\/p>\n<p class=\"translation-block\">The test scopes offered in the current 2023 acoustics laboratory intercomparison programme are:<\/p>\n<ul>\n<li>\n<blockquote><p class=\"translation-block\">Measurement of airborne sound insulation in buildings and building elements according to <strong>UNE EN ISO 16283-1:2015<\/strong>.<\/p><\/blockquote>\n<\/li>\n<li>\n<blockquote><p class=\"translation-block\">Measurement of the impact sound insulation of buildings and building elements according to <strong>UNE EN ISO 16283-2:2021.<\/strong><\/p><\/blockquote>\n<\/li>\n<li>\n<blockquote><p class=\"translation-block\">Measurement of the airborne sound insulation of fa\u00e7ades of buildings and building elements according to <strong>UNE EN ISO 16283-3:2016.<\/strong><\/p><\/blockquote>\n<\/li>\n<li>\n<blockquote><p>Measurement of reverberation time in ordinary rooms according to <strong>UNE EN ISO 3382- 2:2008<\/strong>.<\/p><\/blockquote>\n<\/li>\n<li>\n<blockquote><p class=\"translation-block\">Measurement of <strong>indoor ambient noise <\/strong>from activities according to Annex IV of <strong>Real Decreto 1367\/2007<\/strong>.<\/p><\/blockquote>\n<\/li>\n<li>\n<blockquote><p class=\"translation-block\">Measurement of <strong>outdoor ambient noise <\/strong>from activities according to Annex IV of <strong>Real Decreto 1367\/2007<\/strong>.<\/p><\/blockquote>\n<\/li>\n<li>\n<blockquote><p class=\"translation-block\">Measurement of <strong>ambient noise <\/strong>from activities according to Annex IV of <strong>Real Decreto 1367\/2007<\/strong>.<\/p><\/blockquote>\n<\/li>\n<li>\n<blockquote><p class=\"translation-block\">Measurement of <strong>vibration index <\/strong>from activities according to Annex IV of <strong>Real Decreto 1367\/2007<\/strong>.<\/p><\/blockquote>\n<\/li>\n<li>\n<blockquote><p class=\"translation-block\">Determination of <strong>the sound power level <\/strong>of a noise source from the sound pressure. Control method using an enveloping measuring surface on a reflecting plane according to <strong>UNE EN ISO 3746:2011<\/strong>.<\/p><\/blockquote>\n<\/li>\n<\/ul>\n<p><img loading=\"lazy\" decoding=\"async\" class=\"aligncenter wp-image-1098 size-full\" src=\"https:\/\/ctacustica.es\/wp-content\/uploads\/2023\/06\/ensayoacustico.png\" alt=\"\" width=\"4935\" height=\"2892\" srcset=\"https:\/\/ctacustica.es\/wp-content\/uploads\/2023\/06\/ensayoacustico.png 4935w, https:\/\/ctacustica.es\/wp-content\/uploads\/2023\/06\/ensayoacustico-300x176.png 300w, https:\/\/ctacustica.es\/wp-content\/uploads\/2023\/06\/ensayoacustico-1024x600.png 1024w, https:\/\/ctacustica.es\/wp-content\/uploads\/2023\/06\/ensayoacustico-768x450.png 768w, https:\/\/ctacustica.es\/wp-content\/uploads\/2023\/06\/ensayoacustico-1536x900.png 1536w, https:\/\/ctacustica.es\/wp-content\/uploads\/2023\/06\/ensayoacustico-2048x1200.png 2048w, https:\/\/ctacustica.es\/wp-content\/uploads\/2023\/06\/ensayoacustico-18x12.png 18w\" sizes=\"auto, (max-width: 4935px) 100vw, 4935px\" \/><br \/>\nCentro Tecnol\u00f3gico Ac\u00fastico, guarantees the appropriate technical conformity as it has a quality system according to UNE EN ISO 17043:2010, and has sufficient experience having organised intercomparison programmes in the field of acoustics over the last few years.<\/p>\n<p>The laboratory intercomparison test campaign organised by Centro Tecnol\u00f3gico Ac\u00fastico, offers:<\/p>\n<ul>\n<li class=\"translation-block\">Guarantee of participation of a <strong>sufficient number<\/strong> of laboratories in each scope, prior to the formalisation of registration.<\/li>\n<li class=\"translation-block\">Wide <strong>availability and flexibility of dates<\/strong> that allows to adapt the tests to the most appropriate dates for the laboratories within the established margins.<\/li>\n<li><strong>Evaluaciones iniciales y controles peri\u00f3dicos<\/strong> para todos los ensayos incluidos en el programa con el fin de mantener la homogeneidad de \u00edtems e instalaciones durante la intercomparaci\u00f3n.<\/li>\n<li class=\"translation-block\"><strong>Personalised attention<\/strong> both by telephone and in person at the rehearsal site, by specialised personnel.<\/li>\n<li><strong>Variation of facilities and enclosure characteristics<\/strong> for building acoustics testing <strong>and from sound sources<\/strong> for noise tests, compared to previous campaigns.<\/li>\n<li class=\"translation-block\"><strong>Coaching<\/strong> participants in the interpretation of the results.<\/li>\n<li class=\"translation-block\"><strong>Provision of complementary information<\/strong> to facilitate the laboratories' evaluation of their participation and future improvement.<\/li>\n<li class=\"translation-block\"><strong>COVID prevention measures<\/strong> (hydrogel, provision of masks,...).<\/li>\n<li><\/li>\n<\/ul>\n<p>The programme contains all the information related to the exercise, as well as the pre-registration form, which can be found in Annex 2. In addition, annexed to this programme is a supplier's form in which various aspects of how the programme will be developed are evaluated, in order to be able to justify the evaluation required by section 8 of G-ENAC-14 Rev.1 (September 2008) for those laboratories that require it.<\/p>","protected":false},"excerpt":{"rendered":"<p>Centro Tecnol\u00f3gico Ac\u00fastico, organiza en este 2023 un nuevo programa de ensayos de intercomparaci\u00f3n de laboratorios de ac\u00fastica para los principales alcances en materia ac\u00fastica. La informaci\u00f3n se encuentra en el apartado \u201cConsulta el Programa\u201d situado a la derecha. El plazo de preinscripci\u00f3n estar\u00e1 abierto desde el&nbsp;7 de junio y el 7 de julio de [&hellip;]<\/p>\n","protected":false},"author":6,"featured_media":0,"parent":0,"menu_order":0,"comment_status":"closed","ping_status":"closed","template":"page-r.php","meta":{"footnotes":""},"class_list":["post-872","page","type-page","status-publish","hentry"],"yoast_head":"<!-- This site is optimized with the Yoast SEO plugin v27.4 - https:\/\/yoast.com\/product\/yoast-seo-wordpress\/ -->\n<title>Intercomparaciones 2023<\/title>\n<meta name=\"robots\" content=\"index, follow, max-snippet:-1, max-image-preview:large, max-video-preview:-1\" \/>\n<link rel=\"canonical\" href=\"https:\/\/ctacustica.es\/en\/intercomparacion\/\" \/>\n<meta property=\"og:locale\" content=\"en_GB\" \/>\n<meta property=\"og:type\" content=\"article\" \/>\n<meta property=\"og:title\" content=\"Intercomparaciones 2023\" \/>\n<meta property=\"og:description\" content=\"Centro Tecnol\u00f3gico Ac\u00fastico, organiza en este 2023 un nuevo programa de ensayos de intercomparaci\u00f3n de laboratorios de ac\u00fastica para los principales alcances en materia ac\u00fastica. La informaci\u00f3n se encuentra en el apartado \u201cConsulta el Programa\u201d situado a la derecha. El plazo de preinscripci\u00f3n estar\u00e1 abierto desde el&nbsp;7 de junio y el 7 de julio de [&hellip;]\" \/>\n<meta property=\"og:url\" content=\"https:\/\/ctacustica.es\/en\/intercomparacion\/\" \/>\n<meta property=\"og:site_name\" content=\"Centro Tecnol\u00f3gico de Ac\u00fastica\" \/>\n<meta property=\"article:modified_time\" content=\"2025-01-27T08:17:23+00:00\" \/>\n<meta property=\"og:image\" content=\"https:\/\/ctacustica.es\/wp-content\/uploads\/2023\/06\/ensayoacustico-1024x600.png\" \/>\n\t<meta property=\"og:image:width\" content=\"1024\" \/>\n\t<meta property=\"og:image:height\" content=\"600\" \/>\n\t<meta property=\"og:image:type\" content=\"image\/png\" \/>\n<meta name=\"twitter:card\" content=\"summary_large_image\" \/>\n<meta name=\"twitter:site\" content=\"@ctacustica\" \/>\n<meta name=\"twitter:label1\" content=\"Estimated reading time\" \/>\n\t<meta name=\"twitter:data1\" content=\"3 minutes\" \/>\n<script type=\"application\/ld+json\" class=\"yoast-schema-graph\">{\"@context\":\"https:\\\/\\\/schema.org\",\"@graph\":[{\"@type\":\"WebPage\",\"@id\":\"https:\\\/\\\/ctacustica.es\\\/intercomparacion\\\/\",\"url\":\"https:\\\/\\\/ctacustica.es\\\/intercomparacion\\\/\",\"name\":\"Intercomparaciones 2023\",\"isPartOf\":{\"@id\":\"https:\\\/\\\/ctacustica.es\\\/#website\"},\"primaryImageOfPage\":{\"@id\":\"https:\\\/\\\/ctacustica.es\\\/intercomparacion\\\/#primaryimage\"},\"image\":{\"@id\":\"https:\\\/\\\/ctacustica.es\\\/intercomparacion\\\/#primaryimage\"},\"thumbnailUrl\":\"https:\\\/\\\/ctacustica.es\\\/wp-content\\\/uploads\\\/2023\\\/06\\\/ensayoacustico.png\",\"datePublished\":\"2016-05-17T11:12:54+00:00\",\"dateModified\":\"2025-01-27T08:17:23+00:00\",\"breadcrumb\":{\"@id\":\"https:\\\/\\\/ctacustica.es\\\/intercomparacion\\\/#breadcrumb\"},\"inLanguage\":\"en-GB\",\"potentialAction\":[{\"@type\":\"ReadAction\",\"target\":[\"https:\\\/\\\/ctacustica.es\\\/intercomparacion\\\/\"]}]},{\"@type\":\"ImageObject\",\"inLanguage\":\"en-GB\",\"@id\":\"https:\\\/\\\/ctacustica.es\\\/intercomparacion\\\/#primaryimage\",\"url\":\"https:\\\/\\\/ctacustica.es\\\/wp-content\\\/uploads\\\/2023\\\/06\\\/ensayoacustico.png\",\"contentUrl\":\"https:\\\/\\\/ctacustica.es\\\/wp-content\\\/uploads\\\/2023\\\/06\\\/ensayoacustico.png\"},{\"@type\":\"BreadcrumbList\",\"@id\":\"https:\\\/\\\/ctacustica.es\\\/intercomparacion\\\/#breadcrumb\",\"itemListElement\":[{\"@type\":\"ListItem\",\"position\":1,\"name\":\"Portada\",\"item\":\"https:\\\/\\\/ctacustica.es\\\/\"},{\"@type\":\"ListItem\",\"position\":2,\"name\":\"Intercomparaciones 2023\"}]},{\"@type\":\"WebSite\",\"@id\":\"https:\\\/\\\/ctacustica.es\\\/#website\",\"url\":\"https:\\\/\\\/ctacustica.es\\\/\",\"name\":\"Centro Tecnol\u00f3gico de Ac\u00fastica\",\"description\":\"Pasi\u00f3n por la Ac\u00fastica\",\"publisher\":{\"@id\":\"https:\\\/\\\/ctacustica.es\\\/#organization\"},\"potentialAction\":[{\"@type\":\"SearchAction\",\"target\":{\"@type\":\"EntryPoint\",\"urlTemplate\":\"https:\\\/\\\/ctacustica.es\\\/?s={search_term_string}\"},\"query-input\":{\"@type\":\"PropertyValueSpecification\",\"valueRequired\":true,\"valueName\":\"search_term_string\"}}],\"inLanguage\":\"en-GB\"},{\"@type\":\"Organization\",\"@id\":\"https:\\\/\\\/ctacustica.es\\\/#organization\",\"name\":\"Centro Tecnol\u00f3gico de Ac\u00fastica\",\"url\":\"https:\\\/\\\/ctacustica.es\\\/\",\"logo\":{\"@type\":\"ImageObject\",\"inLanguage\":\"en-GB\",\"@id\":\"https:\\\/\\\/ctacustica.es\\\/#\\\/schema\\\/logo\\\/image\\\/\",\"url\":\"https:\\\/\\\/ctacustica.es\\\/wp-content\\\/uploads\\\/2012\\\/12\\\/ap144.png\",\"contentUrl\":\"https:\\\/\\\/ctacustica.es\\\/wp-content\\\/uploads\\\/2012\\\/12\\\/ap144.png\",\"width\":144,\"height\":144,\"caption\":\"Centro Tecnol\u00f3gico de Ac\u00fastica\"},\"image\":{\"@id\":\"https:\\\/\\\/ctacustica.es\\\/#\\\/schema\\\/logo\\\/image\\\/\"},\"sameAs\":[\"https:\\\/\\\/x.com\\\/ctacustica\"]}]}<\/script>\n<!-- \/ Yoast SEO plugin. -->","yoast_head_json":{"title":"Intercomparisons 2023","robots":{"index":"index","follow":"follow","max-snippet":"max-snippet:-1","max-image-preview":"max-image-preview:large","max-video-preview":"max-video-preview:-1"},"canonical":"https:\/\/ctacustica.es\/en\/intercomparacion\/","og_locale":"en_GB","og_type":"article","og_title":"Intercomparaciones 2023","og_description":"Centro Tecnol\u00f3gico Ac\u00fastico, organiza en este 2023 un nuevo programa de ensayos de intercomparaci\u00f3n de laboratorios de ac\u00fastica para los principales alcances en materia ac\u00fastica. La informaci\u00f3n se encuentra en el apartado \u201cConsulta el Programa\u201d situado a la derecha. El plazo de preinscripci\u00f3n estar\u00e1 abierto desde el&nbsp;7 de junio y el 7 de julio de [&hellip;]","og_url":"https:\/\/ctacustica.es\/en\/intercomparacion\/","og_site_name":"Centro Tecnol\u00f3gico de Ac\u00fastica","article_modified_time":"2025-01-27T08:17:23+00:00","og_image":[{"width":1024,"height":600,"url":"https:\/\/ctacustica.es\/wp-content\/uploads\/2023\/06\/ensayoacustico-1024x600.png","type":"image\/png"}],"twitter_card":"summary_large_image","twitter_site":"@ctacustica","twitter_misc":{"Estimated reading time":"3 minutes"},"schema":{"@context":"https:\/\/schema.org","@graph":[{"@type":"WebPage","@id":"https:\/\/ctacustica.es\/intercomparacion\/","url":"https:\/\/ctacustica.es\/intercomparacion\/","name":"Intercomparisons 2023","isPartOf":{"@id":"https:\/\/ctacustica.es\/#website"},"primaryImageOfPage":{"@id":"https:\/\/ctacustica.es\/intercomparacion\/#primaryimage"},"image":{"@id":"https:\/\/ctacustica.es\/intercomparacion\/#primaryimage"},"thumbnailUrl":"https:\/\/ctacustica.es\/wp-content\/uploads\/2023\/06\/ensayoacustico.png","datePublished":"2016-05-17T11:12:54+00:00","dateModified":"2025-01-27T08:17:23+00:00","breadcrumb":{"@id":"https:\/\/ctacustica.es\/intercomparacion\/#breadcrumb"},"inLanguage":"en-GB","potentialAction":[{"@type":"ReadAction","target":["https:\/\/ctacustica.es\/intercomparacion\/"]}]},{"@type":"ImageObject","inLanguage":"en-GB","@id":"https:\/\/ctacustica.es\/intercomparacion\/#primaryimage","url":"https:\/\/ctacustica.es\/wp-content\/uploads\/2023\/06\/ensayoacustico.png","contentUrl":"https:\/\/ctacustica.es\/wp-content\/uploads\/2023\/06\/ensayoacustico.png"},{"@type":"BreadcrumbList","@id":"https:\/\/ctacustica.es\/intercomparacion\/#breadcrumb","itemListElement":[{"@type":"ListItem","position":1,"name":"Portada","item":"https:\/\/ctacustica.es\/"},{"@type":"ListItem","position":2,"name":"Intercomparaciones 2023"}]},{"@type":"WebSite","@id":"https:\/\/ctacustica.es\/#website","url":"https:\/\/ctacustica.es\/","name":"CTA","description":"Pasi\u00f3n por la Ac\u00fastica","publisher":{"@id":"https:\/\/ctacustica.es\/#organization"},"potentialAction":[{"@type":"SearchAction","target":{"@type":"EntryPoint","urlTemplate":"https:\/\/ctacustica.es\/?s={search_term_string}"},"query-input":{"@type":"PropertyValueSpecification","valueRequired":true,"valueName":"search_term_string"}}],"inLanguage":"en-GB"},{"@type":"Organization","@id":"https:\/\/ctacustica.es\/#organization","name":"CTA","url":"https:\/\/ctacustica.es\/","logo":{"@type":"ImageObject","inLanguage":"en-GB","@id":"https:\/\/ctacustica.es\/#\/schema\/logo\/image\/","url":"https:\/\/ctacustica.es\/wp-content\/uploads\/2012\/12\/ap144.png","contentUrl":"https:\/\/ctacustica.es\/wp-content\/uploads\/2012\/12\/ap144.png","width":144,"height":144,"caption":"Centro Tecnol\u00f3gico de Ac\u00fastica"},"image":{"@id":"https:\/\/ctacustica.es\/#\/schema\/logo\/image\/"},"sameAs":["https:\/\/x.com\/ctacustica"]}]}},"_links":{"self":[{"href":"https:\/\/ctacustica.es\/en\/wp-json\/wp\/v2\/pages\/872","targetHints":{"allow":["GET"]}}],"collection":[{"href":"https:\/\/ctacustica.es\/en\/wp-json\/wp\/v2\/pages"}],"about":[{"href":"https:\/\/ctacustica.es\/en\/wp-json\/wp\/v2\/types\/page"}],"author":[{"embeddable":true,"href":"https:\/\/ctacustica.es\/en\/wp-json\/wp\/v2\/users\/6"}],"replies":[{"embeddable":true,"href":"https:\/\/ctacustica.es\/en\/wp-json\/wp\/v2\/comments?post=872"}],"version-history":[{"count":51,"href":"https:\/\/ctacustica.es\/en\/wp-json\/wp\/v2\/pages\/872\/revisions"}],"predecessor-version":[{"id":1120,"href":"https:\/\/ctacustica.es\/en\/wp-json\/wp\/v2\/pages\/872\/revisions\/1120"}],"wp:attachment":[{"href":"https:\/\/ctacustica.es\/en\/wp-json\/wp\/v2\/media?parent=872"}],"curies":[{"name":"wp","href":"https:\/\/api.w.org\/{rel}","templated":true}]}}