{"id":467,"date":"2013-05-14T07:57:25","date_gmt":"2013-05-14T07:57:25","guid":{"rendered":"https:\/\/ctacustica.es\/?page_id=467"},"modified":"2013-06-04T06:30:15","modified_gmt":"2013-06-04T06:30:15","slug":"certificacion-energetica","status":"publish","type":"page","link":"https:\/\/ctacustica.es\/en\/certificacion-energetica\/","title":{"rendered":"Certificaci\u00f3n energ\u00e9tica"},"content":{"rendered":"<p>La <a title=\"certificacion energetica\" href=\"\/en\/certificacion-energetica\/\">Certificaci\u00f3n Energ\u00e9tica<\/a> es el proceso por el que se establece el consumo de energ\u00eda requerido para satisfacer la demanda energ\u00e9tica de un edificio, vivienda o local, en condiciones normales de funcionamiento y ocupaci\u00f3n.<\/p>\n<p>Este certificado, plasmado en la denominada Etiqueta Energ\u00e9tica, sirve para acreditar que en el dise\u00f1o y construcci\u00f3n del edificio, vivienda o local se han tenido en cuenta los criterios oportunos para lograr el m\u00e1ximo aprovechamiento de la energ\u00eda.<\/p>\n<div class=\"kt_box info\">Con fecha de 5 de Abril de 2013 se aprob\u00f3 el Real Decreto 235\/2013 por el que se establece el procedimiento b\u00e1sico para la <a class=\"noStyle\" title=\"certificacion energetica\" href=\"\/en\/certificacion-energetica\/\"><strong>Certificaci\u00f3n Energ\u00e9tica<\/strong><\/a> de los edificios, y en el que se exige, a partir del 1 de Junio de 2013, la exhibici\u00f3n de la Etiqueta de Calificaci\u00f3n Energ\u00e9tica a todos los inmuebles, viviendas o locales, que vayan a ser vendidos o alquilados, siempre que la persona interesada lo requiera.<\/div>\n<p>El proceso de <a class=\"noStyle\" title=\"certificacion energetica\" href=\"\/en\/certificacion-energetica\/\">Certificaci\u00f3n Energ\u00e9tica<\/a> valora aspectos como el grado de aislamiento del edificio, el rendimiento de sus sistemas de calefacci\u00f3n y refrigeraci\u00f3n, la sostenibilidad en cuanto a la producci\u00f3n de agua caliente e iluminaci\u00f3n, etc., intentando conseguir, desde la fase de proyecto inicial, el mayor ahorro energ\u00e9tico posible.<\/p>\n<p>El objetivo es limitar las emisiones de CO2 y fomentar el uso racional de la energ\u00eda dentro del sector de la edificaci\u00f3n, para as\u00ed contribuir a la mejora del medio ambiente. Dicho\u00a0sector es uno de los mayores responsables del consumo energ\u00e9tico de la Uni\u00f3n Europea. Solo en Espa\u00f1a, los edificios de viviendas suponen el 15% del consumo de la energ\u00eda total del pa\u00eds.<\/p>\n<p><a href=\"https:\/\/ctacustica.es\/wp-content\/uploads\/2013\/05\/certificacion-energetica-2013.jpg\"><img loading=\"lazy\" decoding=\"async\" class=\"alignright size-full wp-image-585\" alt=\"Certificaci\u00f3n Energ\u00e9tica\" src=\"https:\/\/ctacustica.es\/wp-content\/uploads\/2013\/05\/certificacion-energetica-2013.jpg\" width=\"783\" height=\"339\" srcset=\"https:\/\/ctacustica.es\/wp-content\/uploads\/2013\/05\/certificacion-energetica-2013.jpg 783w, https:\/\/ctacustica.es\/wp-content\/uploads\/2013\/05\/certificacion-energetica-2013-300x129.jpg 300w\" sizes=\"auto, (max-width: 783px) 100vw, 783px\" \/><\/a><\/p>\n<div><\/div>\n<h1>Damos soluciones<\/h1>\n<p>At <a title=\"Centro Tecnologico de Acustica\" href=\"\/en\/\">CTA<\/a> llevamos m\u00e1s de 15 a\u00f1os trabajando en el sector de la eficiencia energ\u00e9tica dando soluciones basadas en nuestra capacidad como Centro Tecnol\u00f3gico, la cualificaci\u00f3n de nuestros t\u00e9cnicos y el\u00a0car\u00e1cter\u00a0multidisciplinar de nuestra empresa.<\/p>\n<div class=\"grid_9\" id=\"services\" style=\"margin-left: 0px;\">\n<div class=\"grids\">\n<div class=\"grid_5\">\n<div class=\"item\">\n<div class=\"wrap\"><\/div>\n<div class=\"wrap\" style=\"text-align: justify;\">\n<h4>Ventajas de CTA<\/h4>\n<p>Realizamos estudios espec\u00edficos mediante el empleo de software aprobado por el Ministerio de Industria:<strong> LIDER, Calener VYP y GT, CE3 y CE3X.<\/strong><\/p>\n<p>Nuestras simulaciones energ\u00e9ticas permiten la elaboraci\u00f3n de informes detallados desde la fase de proyecto inicial, los cuales nos permiten definir un conjunto de propuestas de mejora, que disminuyen el gasto energ\u00e9tico global..<\/p>\n<p>Finalmente, a trav\u00e9s de dichos informes y mejoras, obtenemos la Etiqueta de <a title=\"certificacin energetica\" href=\"\/en\/certificacion-energetica\/\">Calificaci\u00f3n Energ\u00e9tica<\/a> m\u00e1s adaptada a las necesidades de su edificio.<\/p>\n<div class=\"button_wrapper\"><\/div>\n<\/div>\n<\/div>\n<\/div>\n<div class=\"grid_4\">\n<div class=\"item\">\n<div class=\"wrap\"><\/div>\n<div class=\"wrap\" style=\"text-align: justify;\">\n<h4>Certificaci\u00f3n Energ\u00e9tica para:<\/h4>\n<ul>\n<li><strong>Viviendas<\/strong>: alquiler o venta<\/li>\n<li><strong>Comunidades de propietarios<\/strong><\/li>\n<li><strong>Administradores de fincas<\/strong><\/li>\n<li><strong>Inmobiliarias<\/strong>: descuentos especiales<\/li>\n<li><strong>Promotores<\/strong>: servicio integral<\/li>\n<li><strong>Locales comerciales<\/strong>: obtenci\u00f3n de licencias<\/li>\n<\/ul>\n<\/div>\n<div class=\"wrap\"><\/div>\n<\/div>\n<\/div>\n<\/div>\n<div class=\"clear\"><\/div>\n<\/div>\n<p><!-- .grids --><\/p>","protected":false},"excerpt":{"rendered":"<p>La Certificaci\u00f3n Energ\u00e9tica es el proceso por el que se establece el consumo de energ\u00eda requerido para satisfacer la demanda energ\u00e9tica de un edificio, vivienda o local, en condiciones normales de funcionamiento y ocupaci\u00f3n. Este certificado, plasmado en la denominada Etiqueta Energ\u00e9tica, sirve para acreditar que en el dise\u00f1o y construcci\u00f3n del edificio, vivienda o [&hellip;]<\/p>\n","protected":false},"author":6,"featured_media":0,"parent":0,"menu_order":0,"comment_status":"closed","ping_status":"closed","template":"page-r.php","meta":{"footnotes":""},"class_list":["post-467","page","type-page","status-publish","hentry"],"yoast_head":"<!-- This site is optimized with the Yoast SEO plugin v27.4 - https:\/\/yoast.com\/product\/yoast-seo-wordpress\/ -->\n<title>Certificaci\u00f3n energ\u00e9tica<\/title>\n<meta name=\"robots\" content=\"index, follow, max-snippet:-1, max-image-preview:large, max-video-preview:-1\" \/>\n<link rel=\"canonical\" href=\"https:\/\/ctacustica.es\/en\/certificacion-energetica\/\" \/>\n<meta property=\"og:locale\" content=\"en_GB\" \/>\n<meta property=\"og:type\" content=\"article\" \/>\n<meta property=\"og:title\" content=\"Certificaci\u00f3n energ\u00e9tica\" \/>\n<meta property=\"og:description\" content=\"La Certificaci\u00f3n Energ\u00e9tica es el proceso por el que se establece el consumo de energ\u00eda requerido para satisfacer la demanda energ\u00e9tica de un edificio, vivienda o local, en condiciones normales de funcionamiento y ocupaci\u00f3n. Este certificado, plasmado en la denominada Etiqueta Energ\u00e9tica, sirve para acreditar que en el dise\u00f1o y construcci\u00f3n del edificio, vivienda o [&hellip;]\" \/>\n<meta property=\"og:url\" content=\"https:\/\/ctacustica.es\/en\/certificacion-energetica\/\" \/>\n<meta property=\"og:site_name\" content=\"Centro Tecnol\u00f3gico de Ac\u00fastica\" \/>\n<meta property=\"article:modified_time\" content=\"2013-06-04T06:30:15+00:00\" \/>\n<meta property=\"og:image\" content=\"https:\/\/ctacustica.es\/wp-content\/uploads\/2013\/05\/certificacion-energetica-2013.jpg\" \/>\n\t<meta property=\"og:image:width\" content=\"783\" \/>\n\t<meta property=\"og:image:height\" content=\"339\" \/>\n\t<meta property=\"og:image:type\" content=\"image\/jpeg\" \/>\n<meta name=\"twitter:card\" content=\"summary_large_image\" \/>\n<meta name=\"twitter:site\" content=\"@ctacustica\" \/>\n<meta name=\"twitter:label1\" content=\"Estimated reading time\" \/>\n\t<meta name=\"twitter:data1\" content=\"2 minutes\" \/>\n<script type=\"application\/ld+json\" class=\"yoast-schema-graph\">{\"@context\":\"https:\\\/\\\/schema.org\",\"@graph\":[{\"@type\":\"WebPage\",\"@id\":\"https:\\\/\\\/ctacustica.es\\\/certificacion-energetica\\\/\",\"url\":\"https:\\\/\\\/ctacustica.es\\\/certificacion-energetica\\\/\",\"name\":\"Certificaci\u00f3n energ\u00e9tica\",\"isPartOf\":{\"@id\":\"https:\\\/\\\/ctacustica.es\\\/#website\"},\"primaryImageOfPage\":{\"@id\":\"https:\\\/\\\/ctacustica.es\\\/certificacion-energetica\\\/#primaryimage\"},\"image\":{\"@id\":\"https:\\\/\\\/ctacustica.es\\\/certificacion-energetica\\\/#primaryimage\"},\"thumbnailUrl\":\"https:\\\/\\\/ctacustica.es\\\/wp-content\\\/uploads\\\/2013\\\/05\\\/certificacion-energetica-2013.jpg\",\"datePublished\":\"2013-05-14T07:57:25+00:00\",\"dateModified\":\"2013-06-04T06:30:15+00:00\",\"breadcrumb\":{\"@id\":\"https:\\\/\\\/ctacustica.es\\\/certificacion-energetica\\\/#breadcrumb\"},\"inLanguage\":\"en-GB\",\"potentialAction\":[{\"@type\":\"ReadAction\",\"target\":[\"https:\\\/\\\/ctacustica.es\\\/certificacion-energetica\\\/\"]}]},{\"@type\":\"ImageObject\",\"inLanguage\":\"en-GB\",\"@id\":\"https:\\\/\\\/ctacustica.es\\\/certificacion-energetica\\\/#primaryimage\",\"url\":\"https:\\\/\\\/ctacustica.es\\\/wp-content\\\/uploads\\\/2013\\\/05\\\/certificacion-energetica-2013.jpg\",\"contentUrl\":\"https:\\\/\\\/ctacustica.es\\\/wp-content\\\/uploads\\\/2013\\\/05\\\/certificacion-energetica-2013.jpg\"},{\"@type\":\"BreadcrumbList\",\"@id\":\"https:\\\/\\\/ctacustica.es\\\/certificacion-energetica\\\/#breadcrumb\",\"itemListElement\":[{\"@type\":\"ListItem\",\"position\":1,\"name\":\"Portada\",\"item\":\"https:\\\/\\\/ctacustica.es\\\/\"},{\"@type\":\"ListItem\",\"position\":2,\"name\":\"Certificaci\u00f3n energ\u00e9tica\"}]},{\"@type\":\"WebSite\",\"@id\":\"https:\\\/\\\/ctacustica.es\\\/#website\",\"url\":\"https:\\\/\\\/ctacustica.es\\\/\",\"name\":\"Centro Tecnol\u00f3gico de Ac\u00fastica\",\"description\":\"Pasi\u00f3n por la Ac\u00fastica\",\"publisher\":{\"@id\":\"https:\\\/\\\/ctacustica.es\\\/#organization\"},\"potentialAction\":[{\"@type\":\"SearchAction\",\"target\":{\"@type\":\"EntryPoint\",\"urlTemplate\":\"https:\\\/\\\/ctacustica.es\\\/?s={search_term_string}\"},\"query-input\":{\"@type\":\"PropertyValueSpecification\",\"valueRequired\":true,\"valueName\":\"search_term_string\"}}],\"inLanguage\":\"en-GB\"},{\"@type\":\"Organization\",\"@id\":\"https:\\\/\\\/ctacustica.es\\\/#organization\",\"name\":\"Centro Tecnol\u00f3gico de Ac\u00fastica\",\"url\":\"https:\\\/\\\/ctacustica.es\\\/\",\"logo\":{\"@type\":\"ImageObject\",\"inLanguage\":\"en-GB\",\"@id\":\"https:\\\/\\\/ctacustica.es\\\/#\\\/schema\\\/logo\\\/image\\\/\",\"url\":\"https:\\\/\\\/ctacustica.es\\\/wp-content\\\/uploads\\\/2012\\\/12\\\/ap144.png\",\"contentUrl\":\"https:\\\/\\\/ctacustica.es\\\/wp-content\\\/uploads\\\/2012\\\/12\\\/ap144.png\",\"width\":144,\"height\":144,\"caption\":\"Centro Tecnol\u00f3gico de Ac\u00fastica\"},\"image\":{\"@id\":\"https:\\\/\\\/ctacustica.es\\\/#\\\/schema\\\/logo\\\/image\\\/\"},\"sameAs\":[\"https:\\\/\\\/x.com\\\/ctacustica\"]}]}<\/script>\n<!-- \/ Yoast SEO plugin. -->","yoast_head_json":{"title":"Certificaci\u00f3n energ\u00e9tica","robots":{"index":"index","follow":"follow","max-snippet":"max-snippet:-1","max-image-preview":"max-image-preview:large","max-video-preview":"max-video-preview:-1"},"canonical":"https:\/\/ctacustica.es\/en\/certificacion-energetica\/","og_locale":"en_GB","og_type":"article","og_title":"Certificaci\u00f3n energ\u00e9tica","og_description":"La Certificaci\u00f3n Energ\u00e9tica es el proceso por el que se establece el consumo de energ\u00eda requerido para satisfacer la demanda energ\u00e9tica de un edificio, vivienda o local, en condiciones normales de funcionamiento y ocupaci\u00f3n. Este certificado, plasmado en la denominada Etiqueta Energ\u00e9tica, sirve para acreditar que en el dise\u00f1o y construcci\u00f3n del edificio, vivienda o [&hellip;]","og_url":"https:\/\/ctacustica.es\/en\/certificacion-energetica\/","og_site_name":"Centro Tecnol\u00f3gico de Ac\u00fastica","article_modified_time":"2013-06-04T06:30:15+00:00","og_image":[{"width":783,"height":339,"url":"https:\/\/ctacustica.es\/wp-content\/uploads\/2013\/05\/certificacion-energetica-2013.jpg","type":"image\/jpeg"}],"twitter_card":"summary_large_image","twitter_site":"@ctacustica","twitter_misc":{"Estimated reading time":"2 minutes"},"schema":{"@context":"https:\/\/schema.org","@graph":[{"@type":"WebPage","@id":"https:\/\/ctacustica.es\/certificacion-energetica\/","url":"https:\/\/ctacustica.es\/certificacion-energetica\/","name":"Certificaci\u00f3n energ\u00e9tica","isPartOf":{"@id":"https:\/\/ctacustica.es\/#website"},"primaryImageOfPage":{"@id":"https:\/\/ctacustica.es\/certificacion-energetica\/#primaryimage"},"image":{"@id":"https:\/\/ctacustica.es\/certificacion-energetica\/#primaryimage"},"thumbnailUrl":"https:\/\/ctacustica.es\/wp-content\/uploads\/2013\/05\/certificacion-energetica-2013.jpg","datePublished":"2013-05-14T07:57:25+00:00","dateModified":"2013-06-04T06:30:15+00:00","breadcrumb":{"@id":"https:\/\/ctacustica.es\/certificacion-energetica\/#breadcrumb"},"inLanguage":"en-GB","potentialAction":[{"@type":"ReadAction","target":["https:\/\/ctacustica.es\/certificacion-energetica\/"]}]},{"@type":"ImageObject","inLanguage":"en-GB","@id":"https:\/\/ctacustica.es\/certificacion-energetica\/#primaryimage","url":"https:\/\/ctacustica.es\/wp-content\/uploads\/2013\/05\/certificacion-energetica-2013.jpg","contentUrl":"https:\/\/ctacustica.es\/wp-content\/uploads\/2013\/05\/certificacion-energetica-2013.jpg"},{"@type":"BreadcrumbList","@id":"https:\/\/ctacustica.es\/certificacion-energetica\/#breadcrumb","itemListElement":[{"@type":"ListItem","position":1,"name":"Portada","item":"https:\/\/ctacustica.es\/"},{"@type":"ListItem","position":2,"name":"Certificaci\u00f3n energ\u00e9tica"}]},{"@type":"WebSite","@id":"https:\/\/ctacustica.es\/#website","url":"https:\/\/ctacustica.es\/","name":"CTA","description":"Pasi\u00f3n por la Ac\u00fastica","publisher":{"@id":"https:\/\/ctacustica.es\/#organization"},"potentialAction":[{"@type":"SearchAction","target":{"@type":"EntryPoint","urlTemplate":"https:\/\/ctacustica.es\/?s={search_term_string}"},"query-input":{"@type":"PropertyValueSpecification","valueRequired":true,"valueName":"search_term_string"}}],"inLanguage":"en-GB"},{"@type":"Organization","@id":"https:\/\/ctacustica.es\/#organization","name":"CTA","url":"https:\/\/ctacustica.es\/","logo":{"@type":"ImageObject","inLanguage":"en-GB","@id":"https:\/\/ctacustica.es\/#\/schema\/logo\/image\/","url":"https:\/\/ctacustica.es\/wp-content\/uploads\/2012\/12\/ap144.png","contentUrl":"https:\/\/ctacustica.es\/wp-content\/uploads\/2012\/12\/ap144.png","width":144,"height":144,"caption":"Centro Tecnol\u00f3gico de Ac\u00fastica"},"image":{"@id":"https:\/\/ctacustica.es\/#\/schema\/logo\/image\/"},"sameAs":["https:\/\/x.com\/ctacustica"]}]}},"_links":{"self":[{"href":"https:\/\/ctacustica.es\/en\/wp-json\/wp\/v2\/pages\/467","targetHints":{"allow":["GET"]}}],"collection":[{"href":"https:\/\/ctacustica.es\/en\/wp-json\/wp\/v2\/pages"}],"about":[{"href":"https:\/\/ctacustica.es\/en\/wp-json\/wp\/v2\/types\/page"}],"author":[{"embeddable":true,"href":"https:\/\/ctacustica.es\/en\/wp-json\/wp\/v2\/users\/6"}],"replies":[{"embeddable":true,"href":"https:\/\/ctacustica.es\/en\/wp-json\/wp\/v2\/comments?post=467"}],"version-history":[{"count":78,"href":"https:\/\/ctacustica.es\/en\/wp-json\/wp\/v2\/pages\/467\/revisions"}],"predecessor-version":[{"id":603,"href":"https:\/\/ctacustica.es\/en\/wp-json\/wp\/v2\/pages\/467\/revisions\/603"}],"wp:attachment":[{"href":"https:\/\/ctacustica.es\/en\/wp-json\/wp\/v2\/media?parent=467"}],"curies":[{"name":"wp","href":"https:\/\/api.w.org\/{rel}","templated":true}]}}