{"id":22,"date":"2012-12-25T18:38:20","date_gmt":"2012-12-25T18:38:20","guid":{"rendered":"http:\/\/localhost\/?page_id=22"},"modified":"2013-12-31T15:44:52","modified_gmt":"2013-12-31T15:44:52","slug":"mapa-de-ruido","status":"publish","type":"page","link":"https:\/\/ctacustica.es\/en\/mapa-de-ruido\/","title":{"rendered":"Noise Map"},"content":{"rendered":"<p style=\"text-align: justify;\" class=\"translation-block\">The<a title=\"\u201cnoise\" href=\"\/en\/\u201c\/noise-map\/\u201d\/\" target=\"\u201c_self\u201d\"> Noise Maps<\/a> are a tool designed to globally evaluate the environmental noise exposure of a certain area due to the presence of different sound sources.<\/p>\n<p style=\"text-align: justify;\" class=\"translation-block\">From the diagnosis of the <a class=\"\u201cnoStyle\u201d\" title=\"\u201cnoise\" href=\"\/en\/\u201c\/noise-map\/\u201d\/\" target=\"\u201c_self\u201d\">noise maps<\/a>, the corresponding <a class=\"\u201cnoStyle\u201d\" title=\"\u201caction\" href=\"\/\/ctacustica.es\/en\/planes-de-accion\/\u201d\/\" target=\"\u201c_self\u201d\">Action Plans<\/a> must be drawn up to globally address noise pollution in the analyzed areas. At the Acoustics Technological Center we have the means and training to carry out Maps and Plans on the following acoustic emitters:<\/p>\n<div style=\"width: 350px; padding: 10px; float: right;\">\n<ul class=\"kt_list check\">\n<li>Agglomerations.<\/li>\n<li>Road infrastructures.<\/li>\n<\/ul>\n<\/div>\n<div style=\"width: 350px; padding: 10px; margin-left: 20px;\">\n<ul class=\"kt_list check\">\n<li>Railway infrastructures.<\/li>\n<li>Airport infrastructures.<\/li>\n<\/ul>\n<\/div>\n<div style=\"clear: both; height: 0px;\"><\/div>\n<div class=\"video-shortcode\"><iframe loading=\"lazy\" title=\"YouTube video player\" width=\"500\" height=\"300\" src=\"http:\/\/www.youtube.com\/embed\/Zc95Ci8pwJg\" frameborder=\"0\" allowfullscreen><\/iframe><\/div>\n<h3>CTA provides:<\/h3>\n<div class=\"grid_9\" id=\"services\" style=\"margin-left: 0px;\">\n<div class=\"grids\">\n<div class=\"grid_3\">\n<div class=\"item\">\n<div class=\"service_header\">\n<h4>Experience<\/h4>\n<div class=\"clear\"><\/div>\n<\/div>\n<div class=\"wrap\"><\/div>\n<div class=\"wrap\" style=\"text-align: justify;\">\n<p>We have developed the <a href=\"\/en\/mapa-de-ruido\/\">Noise maps<\/a> and <a class=\"noStyle\" title=\"planes de accion\" href=\"https:\/\/ctacustica.es\/en\/planes-de-accion\/\">Action Plans<\/a> of:<br \/>\nBurgos, Soria, Salamanca, Ponferrada, Palencia, Palencia, Zamora, Aranda de Duero, Segovia, Medina del Campo, \u00c1vila, Laguna de Duero, etc.<\/p>\n<p class=\"mapaRuido\"><a href=\"http:\/\/sicaweb.cedex.es\/ume-fase2.php?id=24\" target=\"_blank\">See Noise Map of Salamanca<\/a><\/p>\n<p class=\"mapaRuido\"><a href=\"http:\/\/sicaweb.cedex.es\/ume-fase2.php?id=22\" target=\"_blank\">See Noise Map of Burgos<\/a><\/p>\n<div class=\"button_wrapper\"><\/div>\n<\/div>\n<\/div>\n<\/div>\n<div class=\"grid_3\">\n<div class=\"item\">\n<div class=\"service_header\">\n<h4>Quality assurance<\/h4>\n<div class=\"clear\"><\/div>\n<\/div>\n<div class=\"wrap\"><\/div>\n<div class=\"wrap\" style=\"text-align: justify;\">Our specialization, knowledge and experience in the elaboration of these services and the trust placed in us by Public Administrations and private companies are our best guarantee.<\/div>\n<div class=\"wrap\"><\/div>\n<\/div>\n<\/div>\n<div class=\"grid_3\">\n<div class=\"item\">\n<div class=\"service_header\">\n<h4>Efficiency<\/h4>\n<div class=\"clear\"><\/div>\n<\/div>\n<div class=\"wrap\">\n<p>&nbsp;<\/p>\n<p style=\"text-align: justify;\" class=\"translation-block\">At <a title=\"\u201cCentro\" href=\"\/en\/\u201c\/centro-tecnologico-de-acustica\/\u201d\/\" target=\"\u201c_self\u201d\">CTA<\/a> we have developed our own methodology in accordance with the legal requirements for the preparation of <a class=\"\u201cnoStyle\u201d\" title=\"\u201cmapas\" href=\"\/en\/\u201c\/mapa-de-ruido\u201d\/\" target=\"\u201c_self\u201d\">Noise Maps<\/a> and action plans established in the Noise Law 37\/2003, of November 17, 2003. This allows us to gain in efficiency and reduce the delivery times of these services.<\/p>\n<div class=\"button_wrapper\"><\/div>\n<\/div>\n<\/div>\n<\/div>\n<div class=\"clear\"><\/div>\n<\/div>\n<p><!-- .grids --><\/p>\n<\/div>\n<h3><\/h3>","protected":false},"excerpt":{"rendered":"<p>Los Mapas de Ruido son una herramienta dise\u00f1ada para poder evaluar globalmente la exposici\u00f3n al ruido ambiental de una determinada zona debido a la presencia de distintas fuentes sonoras. A partir de la diagnosis de los mapas de ruido se deben elaborar los correspondientes Planes de Acci\u00f3n para afrontar globalmente la contaminaci\u00f3n ac\u00fastica en las [&hellip;]<\/p>\n","protected":false},"author":6,"featured_media":0,"parent":0,"menu_order":0,"comment_status":"closed","ping_status":"closed","template":"page-r.php","meta":{"footnotes":""},"class_list":["post-22","page","type-page","status-publish","hentry"],"yoast_head":"<!-- This site is optimized with the Yoast SEO plugin v27.4 - https:\/\/yoast.com\/product\/yoast-seo-wordpress\/ -->\n<title>Mapa de Ruido<\/title>\n<meta name=\"robots\" content=\"index, follow, max-snippet:-1, max-image-preview:large, max-video-preview:-1\" \/>\n<link rel=\"canonical\" href=\"https:\/\/ctacustica.es\/en\/mapa-de-ruido\/\" \/>\n<meta property=\"og:locale\" content=\"en_GB\" \/>\n<meta property=\"og:type\" content=\"article\" \/>\n<meta property=\"og:title\" content=\"Mapa de Ruido\" \/>\n<meta property=\"og:description\" content=\"Los Mapas de Ruido son una herramienta dise\u00f1ada para poder evaluar globalmente la exposici\u00f3n al ruido ambiental de una determinada zona debido a la presencia de distintas fuentes sonoras. A partir de la diagnosis de los mapas de ruido se deben elaborar los correspondientes Planes de Acci\u00f3n para afrontar globalmente la contaminaci\u00f3n ac\u00fastica en las [&hellip;]\" \/>\n<meta property=\"og:url\" content=\"https:\/\/ctacustica.es\/en\/mapa-de-ruido\/\" \/>\n<meta property=\"og:site_name\" content=\"Centro Tecnol\u00f3gico de Ac\u00fastica\" \/>\n<meta property=\"article:modified_time\" content=\"2013-12-31T15:44:52+00:00\" \/>\n<meta name=\"twitter:card\" content=\"summary_large_image\" \/>\n<meta name=\"twitter:site\" content=\"@ctacustica\" \/>\n<meta name=\"twitter:label1\" content=\"Estimated reading time\" \/>\n\t<meta name=\"twitter:data1\" content=\"1 minute\" \/>\n<script type=\"application\/ld+json\" class=\"yoast-schema-graph\">{\"@context\":\"https:\\\/\\\/schema.org\",\"@graph\":[{\"@type\":\"WebPage\",\"@id\":\"https:\\\/\\\/ctacustica.es\\\/mapa-de-ruido\\\/\",\"url\":\"https:\\\/\\\/ctacustica.es\\\/mapa-de-ruido\\\/\",\"name\":\"Mapa de Ruido\",\"isPartOf\":{\"@id\":\"https:\\\/\\\/ctacustica.es\\\/#website\"},\"datePublished\":\"2012-12-25T18:38:20+00:00\",\"dateModified\":\"2013-12-31T15:44:52+00:00\",\"breadcrumb\":{\"@id\":\"https:\\\/\\\/ctacustica.es\\\/mapa-de-ruido\\\/#breadcrumb\"},\"inLanguage\":\"en-GB\",\"potentialAction\":[{\"@type\":\"ReadAction\",\"target\":[\"https:\\\/\\\/ctacustica.es\\\/mapa-de-ruido\\\/\"]}]},{\"@type\":\"BreadcrumbList\",\"@id\":\"https:\\\/\\\/ctacustica.es\\\/mapa-de-ruido\\\/#breadcrumb\",\"itemListElement\":[{\"@type\":\"ListItem\",\"position\":1,\"name\":\"Portada\",\"item\":\"https:\\\/\\\/ctacustica.es\\\/\"},{\"@type\":\"ListItem\",\"position\":2,\"name\":\"Mapa de Ruido\"}]},{\"@type\":\"WebSite\",\"@id\":\"https:\\\/\\\/ctacustica.es\\\/#website\",\"url\":\"https:\\\/\\\/ctacustica.es\\\/\",\"name\":\"Centro Tecnol\u00f3gico de Ac\u00fastica\",\"description\":\"Pasi\u00f3n por la Ac\u00fastica\",\"publisher\":{\"@id\":\"https:\\\/\\\/ctacustica.es\\\/#organization\"},\"potentialAction\":[{\"@type\":\"SearchAction\",\"target\":{\"@type\":\"EntryPoint\",\"urlTemplate\":\"https:\\\/\\\/ctacustica.es\\\/?s={search_term_string}\"},\"query-input\":{\"@type\":\"PropertyValueSpecification\",\"valueRequired\":true,\"valueName\":\"search_term_string\"}}],\"inLanguage\":\"en-GB\"},{\"@type\":\"Organization\",\"@id\":\"https:\\\/\\\/ctacustica.es\\\/#organization\",\"name\":\"Centro Tecnol\u00f3gico de Ac\u00fastica\",\"url\":\"https:\\\/\\\/ctacustica.es\\\/\",\"logo\":{\"@type\":\"ImageObject\",\"inLanguage\":\"en-GB\",\"@id\":\"https:\\\/\\\/ctacustica.es\\\/#\\\/schema\\\/logo\\\/image\\\/\",\"url\":\"https:\\\/\\\/ctacustica.es\\\/wp-content\\\/uploads\\\/2012\\\/12\\\/ap144.png\",\"contentUrl\":\"https:\\\/\\\/ctacustica.es\\\/wp-content\\\/uploads\\\/2012\\\/12\\\/ap144.png\",\"width\":144,\"height\":144,\"caption\":\"Centro Tecnol\u00f3gico de Ac\u00fastica\"},\"image\":{\"@id\":\"https:\\\/\\\/ctacustica.es\\\/#\\\/schema\\\/logo\\\/image\\\/\"},\"sameAs\":[\"https:\\\/\\\/x.com\\\/ctacustica\"]}]}<\/script>\n<!-- \/ Yoast SEO plugin. -->","yoast_head_json":{"title":"Noise Map","robots":{"index":"index","follow":"follow","max-snippet":"max-snippet:-1","max-image-preview":"max-image-preview:large","max-video-preview":"max-video-preview:-1"},"canonical":"https:\/\/ctacustica.es\/en\/mapa-de-ruido\/","og_locale":"en_GB","og_type":"article","og_title":"Mapa de Ruido","og_description":"Los Mapas de Ruido son una herramienta dise\u00f1ada para poder evaluar globalmente la exposici\u00f3n al ruido ambiental de una determinada zona debido a la presencia de distintas fuentes sonoras. A partir de la diagnosis de los mapas de ruido se deben elaborar los correspondientes Planes de Acci\u00f3n para afrontar globalmente la contaminaci\u00f3n ac\u00fastica en las [&hellip;]","og_url":"https:\/\/ctacustica.es\/en\/mapa-de-ruido\/","og_site_name":"Centro Tecnol\u00f3gico de Ac\u00fastica","article_modified_time":"2013-12-31T15:44:52+00:00","twitter_card":"summary_large_image","twitter_site":"@ctacustica","twitter_misc":{"Estimated reading time":"1 minute"},"schema":{"@context":"https:\/\/schema.org","@graph":[{"@type":"WebPage","@id":"https:\/\/ctacustica.es\/mapa-de-ruido\/","url":"https:\/\/ctacustica.es\/mapa-de-ruido\/","name":"Noise Map","isPartOf":{"@id":"https:\/\/ctacustica.es\/#website"},"datePublished":"2012-12-25T18:38:20+00:00","dateModified":"2013-12-31T15:44:52+00:00","breadcrumb":{"@id":"https:\/\/ctacustica.es\/mapa-de-ruido\/#breadcrumb"},"inLanguage":"en-GB","potentialAction":[{"@type":"ReadAction","target":["https:\/\/ctacustica.es\/mapa-de-ruido\/"]}]},{"@type":"BreadcrumbList","@id":"https:\/\/ctacustica.es\/mapa-de-ruido\/#breadcrumb","itemListElement":[{"@type":"ListItem","position":1,"name":"Portada","item":"https:\/\/ctacustica.es\/"},{"@type":"ListItem","position":2,"name":"Mapa de Ruido"}]},{"@type":"WebSite","@id":"https:\/\/ctacustica.es\/#website","url":"https:\/\/ctacustica.es\/","name":"CTA","description":"Pasi\u00f3n por la Ac\u00fastica","publisher":{"@id":"https:\/\/ctacustica.es\/#organization"},"potentialAction":[{"@type":"SearchAction","target":{"@type":"EntryPoint","urlTemplate":"https:\/\/ctacustica.es\/?s={search_term_string}"},"query-input":{"@type":"PropertyValueSpecification","valueRequired":true,"valueName":"search_term_string"}}],"inLanguage":"en-GB"},{"@type":"Organization","@id":"https:\/\/ctacustica.es\/#organization","name":"CTA","url":"https:\/\/ctacustica.es\/","logo":{"@type":"ImageObject","inLanguage":"en-GB","@id":"https:\/\/ctacustica.es\/#\/schema\/logo\/image\/","url":"https:\/\/ctacustica.es\/wp-content\/uploads\/2012\/12\/ap144.png","contentUrl":"https:\/\/ctacustica.es\/wp-content\/uploads\/2012\/12\/ap144.png","width":144,"height":144,"caption":"Centro Tecnol\u00f3gico de Ac\u00fastica"},"image":{"@id":"https:\/\/ctacustica.es\/#\/schema\/logo\/image\/"},"sameAs":["https:\/\/x.com\/ctacustica"]}]}},"_links":{"self":[{"href":"https:\/\/ctacustica.es\/en\/wp-json\/wp\/v2\/pages\/22","targetHints":{"allow":["GET"]}}],"collection":[{"href":"https:\/\/ctacustica.es\/en\/wp-json\/wp\/v2\/pages"}],"about":[{"href":"https:\/\/ctacustica.es\/en\/wp-json\/wp\/v2\/types\/page"}],"author":[{"embeddable":true,"href":"https:\/\/ctacustica.es\/en\/wp-json\/wp\/v2\/users\/6"}],"replies":[{"embeddable":true,"href":"https:\/\/ctacustica.es\/en\/wp-json\/wp\/v2\/comments?post=22"}],"version-history":[{"count":82,"href":"https:\/\/ctacustica.es\/en\/wp-json\/wp\/v2\/pages\/22\/revisions"}],"predecessor-version":[{"id":635,"href":"https:\/\/ctacustica.es\/en\/wp-json\/wp\/v2\/pages\/22\/revisions\/635"}],"wp:attachment":[{"href":"https:\/\/ctacustica.es\/en\/wp-json\/wp\/v2\/media?parent=22"}],"curies":[{"name":"wp","href":"https:\/\/api.w.org\/{rel}","templated":true}]}}