{"id":177,"date":"2013-02-12T17:01:21","date_gmt":"2013-02-12T17:01:21","guid":{"rendered":"https:\/\/ctacustica.es\/?page_id=177"},"modified":"2021-05-27T09:33:09","modified_gmt":"2021-05-27T09:33:09","slug":"centro-tecnologico-de-acustica","status":"publish","type":"page","link":"https:\/\/ctacustica.es\/en\/centro-tecnologico-de-acustica\/","title":{"rendered":"CTA"},"content":{"rendered":"<p style=\"text-align: justify;\" class=\"translation-block\">At <a title=\"Centro Tecnologico de Acustica\" href=\"\/en\/\" target=\"_self\">CTA<\/a> (Centro Tecnol\u00f3gico de Ac\u00fastica), company founded in 2006, we offer technological services in the field of applied acoustics and energy efficiency.<\/p>\n<p style=\"text-align: justify;\">CTA offers comprehensive services specialised in noise assessment and control to provide the best solution to our clients' needs.<\/p>\n<p style=\"text-align: justify;\">Our company stands out for having a multidisciplinary team with extensive experience and training in noise, vibration and energy efficiency that generates confidence for its effectiveness, guaranteed results and reasonable prices.<\/p>\n<h3>R&amp;D&amp;I Services<\/h3>\n<p class=\"translation-block\"><strong>CTA<\/strong> offers technological services in the field of applied acoustics.<\/p>\n<p><strong>CTA<\/strong> is firmly committed to R&amp;D&amp;I and allocates a significant amount of its resources to innovation in its products and production processes.<\/p>\n<p>CTA's experience and knowledge in the fields of acoustics and vibration and the leading role of research, development and innovation in its daily activity allows us to increase the added value of our offer, gain in competitiveness and reduce costs.<\/p>\n<p>In addition to the internal R&amp;D&amp;I work that CTA carries out, the Acoustic Technology Centre actively participates in R&amp;D projects in collaboration with other consortium companies.<\/p>\n<p>The main lines of research on which CTA's activity is focused are as follows:<\/p>\n<ul class=\"kt_list check\">\n<li>Development and characterisation of high acoustic performance materials<\/li>\n<li>Noise abatement solutions for industry and buildings<\/li>\n<li>Environmental acoustics<\/li>\n<\/ul>\n<h3 style=\"text-align: justify;\">Our Services<\/h3>\n<p style=\"text-align: justify;\">\n<ul class=\"kt_list check\">\n<li style=\"text-align: justify;\" class=\"translation-block\"><a class=\"noStyle\" title=\"Estudios acusticos\" href=\"\/en\/estudio-acustico\/\" target=\"_self\">Acoustic Studies <\/a> associated with urban planning, industrial activities, transport infrastructures and building.<\/li>\n<li style=\"text-align: justify;\" class=\"translation-block\"><a class=\"noStyle\" title=\"mapas de ruido\" href=\"\/en\/mapa-ruido\/\" target=\"_self\">Strategic noise maps<\/a> and action plans against noise pollution.<\/li>\n<li style=\"text-align: justify;\" class=\"translation-block\"><a class=\"noStyle\" title=\"mediciones de ruido\" href=\"\/en\/medicion-ruido\/\" target=\"_self\">Noise Measurements<\/a>, <a class=\"noStyle\" title=\"ensayos acusticos\" href=\"\/en\/estudio-acustico\/\" target=\"_self\">acoustis tests <\/a> and reports.<\/li>\n<li style=\"text-align: justify;\"><a class=\"noStyle\" title=\"proyectos acusticos\" href=\"\/en\/otros-servicios\/\">Acoustic Projects.<\/a>.<\/li>\n<li style=\"text-align: justify;\">Acoustics in buildings and classified activities.<\/li>\n<li style=\"text-align: justify;\">Industrial acoustics.<\/li>\n<li style=\"text-align: justify;\">Efficiency and energy saving.<\/li>\n<li style=\"text-align: justify;\">R+D+I<\/li>\n<\/ul>\n<h3>Grants<\/h3>\n<ul class=\"kt_list check\">\n<li><a href=\"https:\/\/ctacustica.es\/wp-content\/uploads\/2020\/10\/CTA_PYME.pdf\">Innovative SMEs.<\/a><\/li>\n<\/ul>","protected":false},"excerpt":{"rendered":"<p>En el Centro Tecnol\u00f3gico de Ac\u00fastica (CTA), empresa fundada en el a\u00f1o 2006, ofrecemos servicios de car\u00e1cter tecnol\u00f3gico en el campo de la ac\u00fastica aplicada y la eficiencia energ\u00e9tica. Desde CTA ofrecemos servicios integrales especializados en la evaluaci\u00f3n y el control del ruido para aportar la mejor soluci\u00f3n a las necesidades de nuestros clientes. Nuestra [&hellip;]<\/p>\n","protected":false},"author":6,"featured_media":0,"parent":0,"menu_order":0,"comment_status":"closed","ping_status":"closed","template":"","meta":{"footnotes":""},"class_list":["post-177","page","type-page","status-publish","hentry"],"yoast_head":"<!-- This site is optimized with the Yoast SEO plugin v27.4 - https:\/\/yoast.com\/product\/yoast-seo-wordpress\/ -->\n<title>Centro Tecnol\u00f3gico de Ac\u00fastica<\/title>\n<meta name=\"robots\" content=\"index, follow, max-snippet:-1, max-image-preview:large, max-video-preview:-1\" \/>\n<link rel=\"canonical\" href=\"https:\/\/ctacustica.es\/en\/centro-tecnologico-de-acustica\/\" \/>\n<meta property=\"og:locale\" content=\"en_GB\" \/>\n<meta property=\"og:type\" content=\"article\" \/>\n<meta property=\"og:title\" content=\"Centro Tecnol\u00f3gico de Ac\u00fastica\" \/>\n<meta property=\"og:description\" content=\"En el Centro Tecnol\u00f3gico de Ac\u00fastica (CTA), empresa fundada en el a\u00f1o 2006, ofrecemos servicios de car\u00e1cter tecnol\u00f3gico en el campo de la ac\u00fastica aplicada y la eficiencia energ\u00e9tica. Desde CTA ofrecemos servicios integrales especializados en la evaluaci\u00f3n y el control del ruido para aportar la mejor soluci\u00f3n a las necesidades de nuestros clientes. Nuestra [&hellip;]\" \/>\n<meta property=\"og:url\" content=\"https:\/\/ctacustica.es\/en\/centro-tecnologico-de-acustica\/\" \/>\n<meta property=\"og:site_name\" content=\"Centro Tecnol\u00f3gico de Ac\u00fastica\" \/>\n<meta property=\"article:modified_time\" content=\"2021-05-27T09:33:09+00:00\" \/>\n<meta name=\"twitter:card\" content=\"summary_large_image\" \/>\n<meta name=\"twitter:site\" content=\"@ctacustica\" \/>\n<meta name=\"twitter:label1\" content=\"Estimated reading time\" \/>\n\t<meta name=\"twitter:data1\" content=\"2 minutes\" \/>\n<script type=\"application\/ld+json\" class=\"yoast-schema-graph\">{\"@context\":\"https:\\\/\\\/schema.org\",\"@graph\":[{\"@type\":\"WebPage\",\"@id\":\"https:\\\/\\\/ctacustica.es\\\/centro-tecnologico-de-acustica\\\/\",\"url\":\"https:\\\/\\\/ctacustica.es\\\/centro-tecnologico-de-acustica\\\/\",\"name\":\"Centro Tecnol\u00f3gico de Ac\u00fastica\",\"isPartOf\":{\"@id\":\"https:\\\/\\\/ctacustica.es\\\/#website\"},\"datePublished\":\"2013-02-12T17:01:21+00:00\",\"dateModified\":\"2021-05-27T09:33:09+00:00\",\"breadcrumb\":{\"@id\":\"https:\\\/\\\/ctacustica.es\\\/centro-tecnologico-de-acustica\\\/#breadcrumb\"},\"inLanguage\":\"en-GB\",\"potentialAction\":[{\"@type\":\"ReadAction\",\"target\":[\"https:\\\/\\\/ctacustica.es\\\/centro-tecnologico-de-acustica\\\/\"]}]},{\"@type\":\"BreadcrumbList\",\"@id\":\"https:\\\/\\\/ctacustica.es\\\/centro-tecnologico-de-acustica\\\/#breadcrumb\",\"itemListElement\":[{\"@type\":\"ListItem\",\"position\":1,\"name\":\"Portada\",\"item\":\"https:\\\/\\\/ctacustica.es\\\/\"},{\"@type\":\"ListItem\",\"position\":2,\"name\":\"Centro Tecnol\u00f3gico de Ac\u00fastica\"}]},{\"@type\":\"WebSite\",\"@id\":\"https:\\\/\\\/ctacustica.es\\\/#website\",\"url\":\"https:\\\/\\\/ctacustica.es\\\/\",\"name\":\"Centro Tecnol\u00f3gico de Ac\u00fastica\",\"description\":\"Pasi\u00f3n por la Ac\u00fastica\",\"publisher\":{\"@id\":\"https:\\\/\\\/ctacustica.es\\\/#organization\"},\"potentialAction\":[{\"@type\":\"SearchAction\",\"target\":{\"@type\":\"EntryPoint\",\"urlTemplate\":\"https:\\\/\\\/ctacustica.es\\\/?s={search_term_string}\"},\"query-input\":{\"@type\":\"PropertyValueSpecification\",\"valueRequired\":true,\"valueName\":\"search_term_string\"}}],\"inLanguage\":\"en-GB\"},{\"@type\":\"Organization\",\"@id\":\"https:\\\/\\\/ctacustica.es\\\/#organization\",\"name\":\"Centro Tecnol\u00f3gico de Ac\u00fastica\",\"url\":\"https:\\\/\\\/ctacustica.es\\\/\",\"logo\":{\"@type\":\"ImageObject\",\"inLanguage\":\"en-GB\",\"@id\":\"https:\\\/\\\/ctacustica.es\\\/#\\\/schema\\\/logo\\\/image\\\/\",\"url\":\"https:\\\/\\\/ctacustica.es\\\/wp-content\\\/uploads\\\/2012\\\/12\\\/ap144.png\",\"contentUrl\":\"https:\\\/\\\/ctacustica.es\\\/wp-content\\\/uploads\\\/2012\\\/12\\\/ap144.png\",\"width\":144,\"height\":144,\"caption\":\"Centro Tecnol\u00f3gico de Ac\u00fastica\"},\"image\":{\"@id\":\"https:\\\/\\\/ctacustica.es\\\/#\\\/schema\\\/logo\\\/image\\\/\"},\"sameAs\":[\"https:\\\/\\\/x.com\\\/ctacustica\"]}]}<\/script>\n<!-- \/ Yoast SEO plugin. -->","yoast_head_json":{"title":"CTA","robots":{"index":"index","follow":"follow","max-snippet":"max-snippet:-1","max-image-preview":"max-image-preview:large","max-video-preview":"max-video-preview:-1"},"canonical":"https:\/\/ctacustica.es\/en\/centro-tecnologico-de-acustica\/","og_locale":"en_GB","og_type":"article","og_title":"Centro Tecnol\u00f3gico de Ac\u00fastica","og_description":"En el Centro Tecnol\u00f3gico de Ac\u00fastica (CTA), empresa fundada en el a\u00f1o 2006, ofrecemos servicios de car\u00e1cter tecnol\u00f3gico en el campo de la ac\u00fastica aplicada y la eficiencia energ\u00e9tica. Desde CTA ofrecemos servicios integrales especializados en la evaluaci\u00f3n y el control del ruido para aportar la mejor soluci\u00f3n a las necesidades de nuestros clientes. Nuestra [&hellip;]","og_url":"https:\/\/ctacustica.es\/en\/centro-tecnologico-de-acustica\/","og_site_name":"Centro Tecnol\u00f3gico de Ac\u00fastica","article_modified_time":"2021-05-27T09:33:09+00:00","twitter_card":"summary_large_image","twitter_site":"@ctacustica","twitter_misc":{"Estimated reading time":"2 minutes"},"schema":{"@context":"https:\/\/schema.org","@graph":[{"@type":"WebPage","@id":"https:\/\/ctacustica.es\/centro-tecnologico-de-acustica\/","url":"https:\/\/ctacustica.es\/centro-tecnologico-de-acustica\/","name":"CTA","isPartOf":{"@id":"https:\/\/ctacustica.es\/#website"},"datePublished":"2013-02-12T17:01:21+00:00","dateModified":"2021-05-27T09:33:09+00:00","breadcrumb":{"@id":"https:\/\/ctacustica.es\/centro-tecnologico-de-acustica\/#breadcrumb"},"inLanguage":"en-GB","potentialAction":[{"@type":"ReadAction","target":["https:\/\/ctacustica.es\/centro-tecnologico-de-acustica\/"]}]},{"@type":"BreadcrumbList","@id":"https:\/\/ctacustica.es\/centro-tecnologico-de-acustica\/#breadcrumb","itemListElement":[{"@type":"ListItem","position":1,"name":"Portada","item":"https:\/\/ctacustica.es\/"},{"@type":"ListItem","position":2,"name":"Centro Tecnol\u00f3gico de Ac\u00fastica"}]},{"@type":"WebSite","@id":"https:\/\/ctacustica.es\/#website","url":"https:\/\/ctacustica.es\/","name":"CTA","description":"Pasi\u00f3n por la Ac\u00fastica","publisher":{"@id":"https:\/\/ctacustica.es\/#organization"},"potentialAction":[{"@type":"SearchAction","target":{"@type":"EntryPoint","urlTemplate":"https:\/\/ctacustica.es\/?s={search_term_string}"},"query-input":{"@type":"PropertyValueSpecification","valueRequired":true,"valueName":"search_term_string"}}],"inLanguage":"en-GB"},{"@type":"Organization","@id":"https:\/\/ctacustica.es\/#organization","name":"CTA","url":"https:\/\/ctacustica.es\/","logo":{"@type":"ImageObject","inLanguage":"en-GB","@id":"https:\/\/ctacustica.es\/#\/schema\/logo\/image\/","url":"https:\/\/ctacustica.es\/wp-content\/uploads\/2012\/12\/ap144.png","contentUrl":"https:\/\/ctacustica.es\/wp-content\/uploads\/2012\/12\/ap144.png","width":144,"height":144,"caption":"Centro Tecnol\u00f3gico de Ac\u00fastica"},"image":{"@id":"https:\/\/ctacustica.es\/#\/schema\/logo\/image\/"},"sameAs":["https:\/\/x.com\/ctacustica"]}]}},"_links":{"self":[{"href":"https:\/\/ctacustica.es\/en\/wp-json\/wp\/v2\/pages\/177","targetHints":{"allow":["GET"]}}],"collection":[{"href":"https:\/\/ctacustica.es\/en\/wp-json\/wp\/v2\/pages"}],"about":[{"href":"https:\/\/ctacustica.es\/en\/wp-json\/wp\/v2\/types\/page"}],"author":[{"embeddable":true,"href":"https:\/\/ctacustica.es\/en\/wp-json\/wp\/v2\/users\/6"}],"replies":[{"embeddable":true,"href":"https:\/\/ctacustica.es\/en\/wp-json\/wp\/v2\/comments?post=177"}],"version-history":[{"count":42,"href":"https:\/\/ctacustica.es\/en\/wp-json\/wp\/v2\/pages\/177\/revisions"}],"predecessor-version":[{"id":1073,"href":"https:\/\/ctacustica.es\/en\/wp-json\/wp\/v2\/pages\/177\/revisions\/1073"}],"wp:attachment":[{"href":"https:\/\/ctacustica.es\/en\/wp-json\/wp\/v2\/media?parent=177"}],"curies":[{"name":"wp","href":"https:\/\/api.w.org\/{rel}","templated":true}]}}