{"id":17,"date":"2012-12-25T18:35:12","date_gmt":"2012-12-25T18:35:12","guid":{"rendered":"http:\/\/localhost\/?page_id=17"},"modified":"2013-05-20T08:24:25","modified_gmt":"2013-05-20T08:24:25","slug":"medicion-de-ruido","status":"publish","type":"page","link":"https:\/\/ctacustica.es\/en\/medicion-de-ruido\/","title":{"rendered":"Noise Measuerement"},"content":{"rendered":"<p>In order to respond to the needs of our customers, at <a title=\"CTA\" href=\"\/en\/centro-tecnologico-de-acustica\/\">CTA<\/a> we offer <a class=\"noStyle\" title=\"estudios acusticos\" href=\"\/en\/medicion-de-ruido\/\">acoustic tests<\/a> and <a title=\"noise measurements\" href=\"\/en\/medicion-de-ruido\/\">noise measurements<\/a> \u00abin situ\u00bb. Los tipos \u00a0de actuaciones que realizamos son las siguientes:<\/p>\n<div class=\"kt-tab-wrapper\">\n<ul class=\"kt-tabs\">\n<li><a href=\"#tab-1\">Building Noise Measurement<\/a><\/li>\n<li><a href=\"#tab-2\">Noise Measurement in Industry<\/a><\/li>\n<li><a href=\"#tab-3\">Environmental Noise Measurement<\/a><\/li>\n<\/ul>\n<div class=\"kt-tab-container\">\n<div id=\"tab-1\" class=\"kt-tab-content\">\n<ul class=\"kt_list check\">\n<li>On-site measurement of airborne sound insulation between rooms according to UNE-EN ISO 140-4.<\/li>\n<li>In situ measurement of airborne sound insulation of facades according to UNE-EN ISO 140-5.<\/li>\n<li>In situ measurement of the acoustic insulation of floors against impact noise according to UNE-EN ISO 140-7.<\/li>\n<li>Measurement of reverberation time in singular and ordinary rooms according to the UNE-EN ISO 3382 family of standards.<\/li>\n<li>In situ measurement of airborne sound insulation and transmission of impact noise and equipment noise. Monitoring method.<\/li>\n<li>Measurement of the sound pressure level of technical equipment in buildings in accordance with the applicable municipal by-laws.<\/li>\n<\/ul>\n<\/div>\n<div id=\"tab-2\" class=\"kt-tab-content\">\n<ul class=\"kt_list check\">\n<li>Determination of sound power levels emitted by noise sources according to UNE.EN ISO 3744.<\/li>\n<li>Measurement of emission sound pressure levels at the workplace and at other specified positions according to UNE-EN ISO 11200 series standards.<\/li>\n<li>Measurement of whole-body and hand-arm vibration levels according to ISO 2631-1.<\/li>\n<li>Noise measurements for the determination of noise exposure levels of workers according to the relevant regulations and ISO 9612.<\/li>\n<li>Determination of the sound insulation characteristics of cabins according to UNE-EN ISO 11957.<\/li>\n<li>On-site measurements of silencers (noise levels before and after application) according to UNE-EN ISO 11820.<\/li>\n<\/ul>\n<\/div>\n<div id=\"tab-3\" class=\"kt-tab-content\">\n<ul class=\"kt_list check\">\n<li>Environmental noise assessment measures according to ISO 1996 part 1 and 2.<\/li>\n<li>Measurement of noise levels in wind farms according to UNE-EN 61400-11.<\/li>\n<\/ul>\n<\/div>\n<\/div>\n<\/div>\n<div>\n<div style=\"float: left; margin-right: 90px;\"><img loading=\"lazy\" decoding=\"async\" class=\"aligncenter size-full wp-image-507\" title=\"medicion ruido edificacion\" alt=\"medicion ruido edificacion\" src=\"https:\/\/ctacustica.es\/wp-content\/uploads\/2012\/12\/medicion-ruido-edificacion.jpg\" width=\"195\" height=\"261\" \/><\/div>\n<div style=\"float: left; margin-right: 90px;\"><img loading=\"lazy\" decoding=\"async\" class=\"aligncenter size-full wp-image-508\" title=\"medicion ruido industria\" alt=\"medicion ruido industria\" src=\"https:\/\/ctacustica.es\/wp-content\/uploads\/2012\/12\/medicion-ruido-industria.jpg\" width=\"347\" height=\"261\" srcset=\"https:\/\/ctacustica.es\/wp-content\/uploads\/2012\/12\/medicion-ruido-industria.jpg 347w, https:\/\/ctacustica.es\/wp-content\/uploads\/2012\/12\/medicion-ruido-industria-300x225.jpg 300w, https:\/\/ctacustica.es\/wp-content\/uploads\/2012\/12\/medicion-ruido-industria-80x60.jpg 80w\" sizes=\"auto, (max-width: 347px) 100vw, 347px\" \/><\/div>\n<div style=\"float: left; margin-right: 0px;\"><img loading=\"lazy\" decoding=\"async\" class=\"aligncenter size-full wp-image-509\" title=\"medicion ruido medioambiente\" alt=\"medicion ruido medioambiente\" src=\"https:\/\/ctacustica.es\/wp-content\/uploads\/2012\/12\/medicion-ruido-medioambiente.jpg\" width=\"215\" height=\"261\" \/><\/div>\n<\/div>\n<div style=\"clear: both;\">\n<p>At the Acoustics Technology Centre we also carry out acoustic report endorsements, acoustic audits and our experts are qualified to carry out judicial reports.<\/p>\n<\/div>","protected":false},"excerpt":{"rendered":"<p>Para dar respuesta a las necesidades de nuestros clientes, desde el Centro Tecnol\u00f3gico de Ac\u00fastica ofertamos ensayos ac\u00fasticos y mediciones de ruido \u00abin situ\u00bb. Los tipos \u00a0de actuaciones que realizamos son las siguientes: En el Centro Tecnol\u00f3gico de Ac\u00fastica tambi\u00e9n realizamos visados de informes ac\u00fasticos, auditor\u00edas ac\u00fasticas y nuestros expertos est\u00e1n cualificados para la realizaci\u00f3n [&hellip;]<\/p>\n","protected":false},"author":6,"featured_media":0,"parent":0,"menu_order":0,"comment_status":"closed","ping_status":"closed","template":"page-0.php","meta":{"footnotes":""},"class_list":["post-17","page","type-page","status-publish","hentry"],"yoast_head":"<!-- This site is optimized with the Yoast SEO plugin v27.4 - https:\/\/yoast.com\/product\/yoast-seo-wordpress\/ -->\n<title>Medici\u00f3n de Ruido<\/title>\n<meta name=\"robots\" content=\"index, follow, max-snippet:-1, max-image-preview:large, max-video-preview:-1\" \/>\n<link rel=\"canonical\" href=\"https:\/\/ctacustica.es\/en\/medicion-de-ruido\/\" \/>\n<meta property=\"og:locale\" content=\"en_GB\" \/>\n<meta property=\"og:type\" content=\"article\" \/>\n<meta property=\"og:title\" content=\"Medici\u00f3n de Ruido\" \/>\n<meta property=\"og:description\" content=\"Para dar respuesta a las necesidades de nuestros clientes, desde el Centro Tecnol\u00f3gico de Ac\u00fastica ofertamos ensayos ac\u00fasticos y mediciones de ruido \u00abin situ\u00bb. Los tipos \u00a0de actuaciones que realizamos son las siguientes: En el Centro Tecnol\u00f3gico de Ac\u00fastica tambi\u00e9n realizamos visados de informes ac\u00fasticos, auditor\u00edas ac\u00fasticas y nuestros expertos est\u00e1n cualificados para la realizaci\u00f3n [&hellip;]\" \/>\n<meta property=\"og:url\" content=\"https:\/\/ctacustica.es\/en\/medicion-de-ruido\/\" \/>\n<meta property=\"og:site_name\" content=\"Centro Tecnol\u00f3gico de Ac\u00fastica\" \/>\n<meta property=\"article:modified_time\" content=\"2013-05-20T08:24:25+00:00\" \/>\n<meta property=\"og:image\" content=\"https:\/\/ctacustica.es\/wp-content\/uploads\/2012\/12\/medicion-ruido-edificacion.jpg\" \/>\n<meta name=\"twitter:card\" content=\"summary_large_image\" \/>\n<meta name=\"twitter:site\" content=\"@ctacustica\" \/>\n<meta name=\"twitter:label1\" content=\"Estimated reading time\" \/>\n\t<meta name=\"twitter:data1\" content=\"2 minutes\" \/>\n<script type=\"application\/ld+json\" class=\"yoast-schema-graph\">{\"@context\":\"https:\\\/\\\/schema.org\",\"@graph\":[{\"@type\":\"WebPage\",\"@id\":\"https:\\\/\\\/ctacustica.es\\\/medicion-de-ruido\\\/\",\"url\":\"https:\\\/\\\/ctacustica.es\\\/medicion-de-ruido\\\/\",\"name\":\"Medici\u00f3n de Ruido\",\"isPartOf\":{\"@id\":\"https:\\\/\\\/ctacustica.es\\\/#website\"},\"primaryImageOfPage\":{\"@id\":\"https:\\\/\\\/ctacustica.es\\\/medicion-de-ruido\\\/#primaryimage\"},\"image\":{\"@id\":\"https:\\\/\\\/ctacustica.es\\\/medicion-de-ruido\\\/#primaryimage\"},\"thumbnailUrl\":\"https:\\\/\\\/ctacustica.es\\\/wp-content\\\/uploads\\\/2012\\\/12\\\/medicion-ruido-edificacion.jpg\",\"datePublished\":\"2012-12-25T18:35:12+00:00\",\"dateModified\":\"2013-05-20T08:24:25+00:00\",\"breadcrumb\":{\"@id\":\"https:\\\/\\\/ctacustica.es\\\/medicion-de-ruido\\\/#breadcrumb\"},\"inLanguage\":\"en-GB\",\"potentialAction\":[{\"@type\":\"ReadAction\",\"target\":[\"https:\\\/\\\/ctacustica.es\\\/medicion-de-ruido\\\/\"]}]},{\"@type\":\"ImageObject\",\"inLanguage\":\"en-GB\",\"@id\":\"https:\\\/\\\/ctacustica.es\\\/medicion-de-ruido\\\/#primaryimage\",\"url\":\"https:\\\/\\\/ctacustica.es\\\/wp-content\\\/uploads\\\/2012\\\/12\\\/medicion-ruido-edificacion.jpg\",\"contentUrl\":\"https:\\\/\\\/ctacustica.es\\\/wp-content\\\/uploads\\\/2012\\\/12\\\/medicion-ruido-edificacion.jpg\"},{\"@type\":\"BreadcrumbList\",\"@id\":\"https:\\\/\\\/ctacustica.es\\\/medicion-de-ruido\\\/#breadcrumb\",\"itemListElement\":[{\"@type\":\"ListItem\",\"position\":1,\"name\":\"Portada\",\"item\":\"https:\\\/\\\/ctacustica.es\\\/\"},{\"@type\":\"ListItem\",\"position\":2,\"name\":\"Medici\u00f3n de Ruido\"}]},{\"@type\":\"WebSite\",\"@id\":\"https:\\\/\\\/ctacustica.es\\\/#website\",\"url\":\"https:\\\/\\\/ctacustica.es\\\/\",\"name\":\"Centro Tecnol\u00f3gico de Ac\u00fastica\",\"description\":\"Pasi\u00f3n por la Ac\u00fastica\",\"publisher\":{\"@id\":\"https:\\\/\\\/ctacustica.es\\\/#organization\"},\"potentialAction\":[{\"@type\":\"SearchAction\",\"target\":{\"@type\":\"EntryPoint\",\"urlTemplate\":\"https:\\\/\\\/ctacustica.es\\\/?s={search_term_string}\"},\"query-input\":{\"@type\":\"PropertyValueSpecification\",\"valueRequired\":true,\"valueName\":\"search_term_string\"}}],\"inLanguage\":\"en-GB\"},{\"@type\":\"Organization\",\"@id\":\"https:\\\/\\\/ctacustica.es\\\/#organization\",\"name\":\"Centro Tecnol\u00f3gico de Ac\u00fastica\",\"url\":\"https:\\\/\\\/ctacustica.es\\\/\",\"logo\":{\"@type\":\"ImageObject\",\"inLanguage\":\"en-GB\",\"@id\":\"https:\\\/\\\/ctacustica.es\\\/#\\\/schema\\\/logo\\\/image\\\/\",\"url\":\"https:\\\/\\\/ctacustica.es\\\/wp-content\\\/uploads\\\/2012\\\/12\\\/ap144.png\",\"contentUrl\":\"https:\\\/\\\/ctacustica.es\\\/wp-content\\\/uploads\\\/2012\\\/12\\\/ap144.png\",\"width\":144,\"height\":144,\"caption\":\"Centro Tecnol\u00f3gico de Ac\u00fastica\"},\"image\":{\"@id\":\"https:\\\/\\\/ctacustica.es\\\/#\\\/schema\\\/logo\\\/image\\\/\"},\"sameAs\":[\"https:\\\/\\\/x.com\\\/ctacustica\"]}]}<\/script>\n<!-- \/ Yoast SEO plugin. -->","yoast_head_json":{"title":"Noise Measuerement","robots":{"index":"index","follow":"follow","max-snippet":"max-snippet:-1","max-image-preview":"max-image-preview:large","max-video-preview":"max-video-preview:-1"},"canonical":"https:\/\/ctacustica.es\/en\/medicion-de-ruido\/","og_locale":"en_GB","og_type":"article","og_title":"Medici\u00f3n de Ruido","og_description":"Para dar respuesta a las necesidades de nuestros clientes, desde el Centro Tecnol\u00f3gico de Ac\u00fastica ofertamos ensayos ac\u00fasticos y mediciones de ruido \u00abin situ\u00bb. Los tipos \u00a0de actuaciones que realizamos son las siguientes: En el Centro Tecnol\u00f3gico de Ac\u00fastica tambi\u00e9n realizamos visados de informes ac\u00fasticos, auditor\u00edas ac\u00fasticas y nuestros expertos est\u00e1n cualificados para la realizaci\u00f3n [&hellip;]","og_url":"https:\/\/ctacustica.es\/en\/medicion-de-ruido\/","og_site_name":"Centro Tecnol\u00f3gico de Ac\u00fastica","article_modified_time":"2013-05-20T08:24:25+00:00","og_image":[{"url":"https:\/\/ctacustica.es\/wp-content\/uploads\/2012\/12\/medicion-ruido-edificacion.jpg","type":"","width":"","height":""}],"twitter_card":"summary_large_image","twitter_site":"@ctacustica","twitter_misc":{"Estimated reading time":"2 minutes"},"schema":{"@context":"https:\/\/schema.org","@graph":[{"@type":"WebPage","@id":"https:\/\/ctacustica.es\/medicion-de-ruido\/","url":"https:\/\/ctacustica.es\/medicion-de-ruido\/","name":"Noise Measuerement","isPartOf":{"@id":"https:\/\/ctacustica.es\/#website"},"primaryImageOfPage":{"@id":"https:\/\/ctacustica.es\/medicion-de-ruido\/#primaryimage"},"image":{"@id":"https:\/\/ctacustica.es\/medicion-de-ruido\/#primaryimage"},"thumbnailUrl":"https:\/\/ctacustica.es\/wp-content\/uploads\/2012\/12\/medicion-ruido-edificacion.jpg","datePublished":"2012-12-25T18:35:12+00:00","dateModified":"2013-05-20T08:24:25+00:00","breadcrumb":{"@id":"https:\/\/ctacustica.es\/medicion-de-ruido\/#breadcrumb"},"inLanguage":"en-GB","potentialAction":[{"@type":"ReadAction","target":["https:\/\/ctacustica.es\/medicion-de-ruido\/"]}]},{"@type":"ImageObject","inLanguage":"en-GB","@id":"https:\/\/ctacustica.es\/medicion-de-ruido\/#primaryimage","url":"https:\/\/ctacustica.es\/wp-content\/uploads\/2012\/12\/medicion-ruido-edificacion.jpg","contentUrl":"https:\/\/ctacustica.es\/wp-content\/uploads\/2012\/12\/medicion-ruido-edificacion.jpg"},{"@type":"BreadcrumbList","@id":"https:\/\/ctacustica.es\/medicion-de-ruido\/#breadcrumb","itemListElement":[{"@type":"ListItem","position":1,"name":"Portada","item":"https:\/\/ctacustica.es\/"},{"@type":"ListItem","position":2,"name":"Medici\u00f3n de Ruido"}]},{"@type":"WebSite","@id":"https:\/\/ctacustica.es\/#website","url":"https:\/\/ctacustica.es\/","name":"CTA","description":"Pasi\u00f3n por la Ac\u00fastica","publisher":{"@id":"https:\/\/ctacustica.es\/#organization"},"potentialAction":[{"@type":"SearchAction","target":{"@type":"EntryPoint","urlTemplate":"https:\/\/ctacustica.es\/?s={search_term_string}"},"query-input":{"@type":"PropertyValueSpecification","valueRequired":true,"valueName":"search_term_string"}}],"inLanguage":"en-GB"},{"@type":"Organization","@id":"https:\/\/ctacustica.es\/#organization","name":"CTA","url":"https:\/\/ctacustica.es\/","logo":{"@type":"ImageObject","inLanguage":"en-GB","@id":"https:\/\/ctacustica.es\/#\/schema\/logo\/image\/","url":"https:\/\/ctacustica.es\/wp-content\/uploads\/2012\/12\/ap144.png","contentUrl":"https:\/\/ctacustica.es\/wp-content\/uploads\/2012\/12\/ap144.png","width":144,"height":144,"caption":"Centro Tecnol\u00f3gico de Ac\u00fastica"},"image":{"@id":"https:\/\/ctacustica.es\/#\/schema\/logo\/image\/"},"sameAs":["https:\/\/x.com\/ctacustica"]}]}},"_links":{"self":[{"href":"https:\/\/ctacustica.es\/en\/wp-json\/wp\/v2\/pages\/17","targetHints":{"allow":["GET"]}}],"collection":[{"href":"https:\/\/ctacustica.es\/en\/wp-json\/wp\/v2\/pages"}],"about":[{"href":"https:\/\/ctacustica.es\/en\/wp-json\/wp\/v2\/types\/page"}],"author":[{"embeddable":true,"href":"https:\/\/ctacustica.es\/en\/wp-json\/wp\/v2\/users\/6"}],"replies":[{"embeddable":true,"href":"https:\/\/ctacustica.es\/en\/wp-json\/wp\/v2\/comments?post=17"}],"version-history":[{"count":77,"href":"https:\/\/ctacustica.es\/en\/wp-json\/wp\/v2\/pages\/17\/revisions"}],"predecessor-version":[{"id":212,"href":"https:\/\/ctacustica.es\/en\/wp-json\/wp\/v2\/pages\/17\/revisions\/212"}],"wp:attachment":[{"href":"https:\/\/ctacustica.es\/en\/wp-json\/wp\/v2\/media?parent=17"}],"curies":[{"name":"wp","href":"https:\/\/api.w.org\/{rel}","templated":true}]}}