{"id":15,"date":"2012-12-25T18:34:52","date_gmt":"2012-12-25T18:34:52","guid":{"rendered":"http:\/\/localhost\/?page_id=15"},"modified":"2013-05-14T10:52:41","modified_gmt":"2013-05-14T10:52:41","slug":"estudio-acustico","status":"publish","type":"page","link":"https:\/\/ctacustica.es\/en\/estudio-acustico\/","title":{"rendered":"Acoustic Studies"},"content":{"rendered":"<p style=\"text-align: justify;\" class=\"translation-block\">Acoustic surveys allow the overall assessment of noise pollution exposure in a given area and the making of global predictions for that area.<\/p>\n<p style=\"text-align: justify;\" class=\"translation-block\">The current legislation requires the elaboration of acoustic studies prior to the authorisation of different activities and projects.<\/p>\n<p style=\"text-align: justify;\">At <a title=\"CTA\" href=\"\/en\/centro-tecnologico-de-acustica\/\">CTA<\/a> we have extensive experience in carriying out <a class=\"noStyle\" title=\"estudios de impacto acustico\" href=\"\/en\/estudio-acustico\/\">noise impact studies<\/a>, tanto en la fase preoperacional, con la evaluaci\u00f3n previa de los niveles de contaminaci\u00f3n ac\u00fastica mediante mediciones \u00abin situ\u00bb y modelizaciones ac\u00fasticas, como la fase operacional, en donde se predicen los niveles sonoros de la situaci\u00f3n futura con ayuda de software de predicci\u00f3n ac\u00fastica.<\/p>\n<div id=\"attachment_412\" style=\"width: 710px\" class=\"wp-caption aligncenter\"><img loading=\"lazy\" decoding=\"async\" aria-describedby=\"caption-attachment-412\" class=\"size-full wp-image-412\" alt=\"Estudio Ac\u00fastico - Fase Preoperacional\" src=\"\/wp-content\/uploads\/2013\/04\/estudio-acustico-pre-operational.png\" width=\"700\" height=\"200\" \/><\/p>\n<p id=\"caption-attachment-412\" class=\"wp-caption-text\">Acoustic Study - Pre-operational Phase (day Ld, afternoon Le, night Ln)<\/p>\n<\/div>\n<p>&nbsp;<\/p>\n<div id=\"attachment_411\" style=\"width: 710px\" class=\"wp-caption aligncenter\"><img loading=\"lazy\" decoding=\"async\" aria-describedby=\"caption-attachment-411\" class=\"size-full wp-image-411\" alt=\"Estudio Ac\u00fastico - Fase Operacional\" src=\"\/wp-content\/uploads\/2013\/04\/estudio-acustico-operacional.png\" width=\"700\" height=\"200\" \/><\/p>\n<p id=\"caption-attachment-411\" class=\"wp-caption-text\">Acoustic Study - Pre-operational Phase (day Ld, afternoon Le, night Ln)<\/p>\n<\/div>\n<p>&nbsp;<\/p>\n<h3>\n<div class=\"divider\"  style=\"\"><\/div>\n<p>CTA provides solutions for:<\/h3>\n<div class=\"grid_12\" id=\"services\" style=\"margin-left: 0px;\">\n<div class=\"grids\">\n<div class=\"grid_3\">\n<div class=\"item\">\n<div class=\"service_header\">\n<h4>Territorial and urban planning<\/h4>\n<div class=\"clear\"><\/div>\n<\/div>\n<div class=\"wrap\"><\/div>\n<div class=\"wrap\">\n<p style=\"text-align: justify;\" class=\"translation-block\">These instruments must include among their determinations the <a class=\"noStyle\" title=\"zonificacion acustica\" href=\"\/en\/estudio-acustico\/\" target=\"_self\">acoustic zoning<\/a> of the territory, the acoustic easement zones and the measures foreseen to prevent and guarantee that the acoustic quality objectives are achieved.<\/p>\n<p style=\"text-align: justify;\" class=\"translation-block\">At <a title=\"Centro Tecnol\u00f3gico de Ac\u00fastica\" href=\"\/en\/centro-tecnologico-de-acustica\/\" target=\"_self\">CTA<\/a>  we have extensive experience in the preparation of  <a class=\"noStyle\" title=\"estudios acusticos\" href=\"\/en\/estudio-acustico\/\" target=\"_self\">Acoustic Studies<\/a> associated with the drafting, revisions and modifications of the PGOU, partial plans, Detailed Studies, etc.<\/p>\n<div class=\"button_wrapper\"><\/div>\n<\/div>\n<\/div>\n<\/div>\n<div class=\"grid_3\">\n<div class=\"item\">\n<div class=\"service_header\">\n<h4>Transport infrastructures<\/h4>\n<div class=\"clear\"><\/div>\n<\/div>\n<div class=\"wrap\"><\/div>\n<div class=\"wrap\" style=\"text-align: justify;\">\n<p class=\"translation-block\"><a class=\"noStyle\" title=\"estudio impacto acustico\" href=\"\/en\/estudio-acustico\/\" target=\"_self\">Acoustic impact studies<\/a> of new transport infrastructures or for the modification of existing infrastructures. Establishment of preventive and corrective measures against noise pollution, recommendations for the delimitation of acoustic easements and noise transmission zones.<\/p>\n<p class=\"translation-block\">At <a title=\"Centro Tecnol\u00f3gico de Ac\u00fastica\" href=\"\/en\/centro-tecnologico-de-acustica\/\" target=\"_self\">CTA<\/a> we have the means to characterise the following noise emitters: rail, road, airport and port infrastructures.<\/p>\n<\/div>\n<div class=\"button_wrapper\"><\/div>\n<\/div>\n<\/div>\n<\/div>\n<div class=\"grid_3\">\n<div class=\"item\">\n<div class=\"service_header\">\n<h4>Industry and Energy<\/h4>\n<div class=\"clear\"><\/div>\n<\/div>\n<div class=\"wrap\"><\/div>\n<div class=\"wrap\">\n<p style=\"text-align: justify;\" class=\"translation-block\"><a class=\"noStyle\" title=\"estudio impacto acustico\" href=\"\/en\/estudio-acustico\/\" target=\"_self\">Acoustic Studies<\/a>\u00a0based on predictive models and <a title=\"mediciones de ruido\" href=\"\/en\/medicion-de-ruido\/\" target=\"_self\">noise measurements<\/a> prior to the implementation of a noisy industrial or energy generation activity.<\/p>\n<p style=\"text-align: justify;\">Estimation of noise levels, and proposal of preventive and corrective measures, including engineering solutions.<\/p>\n<div class=\"button_wrapper\"><\/div>\n<\/div>\n<\/div>\n<\/div>\n<div class=\"grid_3\">\n<div class=\"item\">\n<div class=\"service_header\">\n<h4>Edification<\/h4>\n<div class=\"clear\"><\/div>\n<\/div>\n<div class=\"wrap\"><\/div>\n<div class=\"wrap\">\n<p style=\"text-align: justify;\" class=\"translation-block\"><a class=\"noStyle\" title=\"estudios acusticos\" href=\"\/en\/estudio-acustico\/\" target=\"_self\">Acoustic Studies<\/a>\u00a0prior to the granting of building permits, on the surroundings of construction sites and plots where buildings intended for housing, hospital, care, educational and cultural uses are located.<\/p>\n<div class=\"button_wrapper\"><\/div>\n<\/div>\n<\/div>\n<\/div>\n<div class=\"clear\"><\/div>\n<\/div>\n<p><!-- .grids --><\/p>","protected":false},"excerpt":{"rendered":"<p>Los estudios ac\u00fasticos permiten la evaluaci\u00f3n global de la exposici\u00f3n a la contaminaci\u00f3n ac\u00fastica de una determinada zona y la realizaci\u00f3n de predicciones globales para dicha zona. La legislaci\u00f3n vigente exige la elaboraci\u00f3n de estudios ac\u00fasticos con car\u00e1cter previo a la autorizaci\u00f3n de diversas actividades y proyectos. En el Centro Tecnol\u00f3gico de Ac\u00fastica contamos con [&hellip;]<\/p>\n","protected":false},"author":6,"featured_media":0,"parent":0,"menu_order":0,"comment_status":"closed","ping_status":"closed","template":"page-r.php","meta":{"footnotes":""},"class_list":["post-15","page","type-page","status-publish","hentry"],"yoast_head":"<!-- This site is optimized with the Yoast SEO plugin v27.4 - https:\/\/yoast.com\/product\/yoast-seo-wordpress\/ -->\n<title>Estudio Ac\u00fastico<\/title>\n<meta name=\"robots\" content=\"index, follow, max-snippet:-1, max-image-preview:large, max-video-preview:-1\" \/>\n<link rel=\"canonical\" href=\"https:\/\/ctacustica.es\/en\/estudio-acustico\/\" \/>\n<meta property=\"og:locale\" content=\"en_GB\" \/>\n<meta property=\"og:type\" content=\"article\" \/>\n<meta property=\"og:title\" content=\"Estudio Ac\u00fastico\" \/>\n<meta property=\"og:description\" content=\"Los estudios ac\u00fasticos permiten la evaluaci\u00f3n global de la exposici\u00f3n a la contaminaci\u00f3n ac\u00fastica de una determinada zona y la realizaci\u00f3n de predicciones globales para dicha zona. La legislaci\u00f3n vigente exige la elaboraci\u00f3n de estudios ac\u00fasticos con car\u00e1cter previo a la autorizaci\u00f3n de diversas actividades y proyectos. En el Centro Tecnol\u00f3gico de Ac\u00fastica contamos con [&hellip;]\" \/>\n<meta property=\"og:url\" content=\"https:\/\/ctacustica.es\/en\/estudio-acustico\/\" \/>\n<meta property=\"og:site_name\" content=\"Centro Tecnol\u00f3gico de Ac\u00fastica\" \/>\n<meta property=\"article:modified_time\" content=\"2013-05-14T10:52:41+00:00\" \/>\n<meta name=\"twitter:card\" content=\"summary_large_image\" \/>\n<meta name=\"twitter:site\" content=\"@ctacustica\" \/>\n<meta name=\"twitter:label1\" content=\"Estimated reading time\" \/>\n\t<meta name=\"twitter:data1\" content=\"2 minutes\" \/>\n<script type=\"application\/ld+json\" class=\"yoast-schema-graph\">{\"@context\":\"https:\\\/\\\/schema.org\",\"@graph\":[{\"@type\":\"WebPage\",\"@id\":\"https:\\\/\\\/ctacustica.es\\\/estudio-acustico\\\/\",\"url\":\"https:\\\/\\\/ctacustica.es\\\/estudio-acustico\\\/\",\"name\":\"Estudio Ac\u00fastico\",\"isPartOf\":{\"@id\":\"https:\\\/\\\/ctacustica.es\\\/#website\"},\"datePublished\":\"2012-12-25T18:34:52+00:00\",\"dateModified\":\"2013-05-14T10:52:41+00:00\",\"breadcrumb\":{\"@id\":\"https:\\\/\\\/ctacustica.es\\\/estudio-acustico\\\/#breadcrumb\"},\"inLanguage\":\"en-GB\",\"potentialAction\":[{\"@type\":\"ReadAction\",\"target\":[\"https:\\\/\\\/ctacustica.es\\\/estudio-acustico\\\/\"]}]},{\"@type\":\"BreadcrumbList\",\"@id\":\"https:\\\/\\\/ctacustica.es\\\/estudio-acustico\\\/#breadcrumb\",\"itemListElement\":[{\"@type\":\"ListItem\",\"position\":1,\"name\":\"Portada\",\"item\":\"https:\\\/\\\/ctacustica.es\\\/\"},{\"@type\":\"ListItem\",\"position\":2,\"name\":\"Estudio Ac\u00fastico\"}]},{\"@type\":\"WebSite\",\"@id\":\"https:\\\/\\\/ctacustica.es\\\/#website\",\"url\":\"https:\\\/\\\/ctacustica.es\\\/\",\"name\":\"Centro Tecnol\u00f3gico de Ac\u00fastica\",\"description\":\"Pasi\u00f3n por la Ac\u00fastica\",\"publisher\":{\"@id\":\"https:\\\/\\\/ctacustica.es\\\/#organization\"},\"potentialAction\":[{\"@type\":\"SearchAction\",\"target\":{\"@type\":\"EntryPoint\",\"urlTemplate\":\"https:\\\/\\\/ctacustica.es\\\/?s={search_term_string}\"},\"query-input\":{\"@type\":\"PropertyValueSpecification\",\"valueRequired\":true,\"valueName\":\"search_term_string\"}}],\"inLanguage\":\"en-GB\"},{\"@type\":\"Organization\",\"@id\":\"https:\\\/\\\/ctacustica.es\\\/#organization\",\"name\":\"Centro Tecnol\u00f3gico de Ac\u00fastica\",\"url\":\"https:\\\/\\\/ctacustica.es\\\/\",\"logo\":{\"@type\":\"ImageObject\",\"inLanguage\":\"en-GB\",\"@id\":\"https:\\\/\\\/ctacustica.es\\\/#\\\/schema\\\/logo\\\/image\\\/\",\"url\":\"https:\\\/\\\/ctacustica.es\\\/wp-content\\\/uploads\\\/2012\\\/12\\\/ap144.png\",\"contentUrl\":\"https:\\\/\\\/ctacustica.es\\\/wp-content\\\/uploads\\\/2012\\\/12\\\/ap144.png\",\"width\":144,\"height\":144,\"caption\":\"Centro Tecnol\u00f3gico de Ac\u00fastica\"},\"image\":{\"@id\":\"https:\\\/\\\/ctacustica.es\\\/#\\\/schema\\\/logo\\\/image\\\/\"},\"sameAs\":[\"https:\\\/\\\/x.com\\\/ctacustica\"]}]}<\/script>\n<!-- \/ Yoast SEO plugin. -->","yoast_head_json":{"title":"Acoustic Studies","robots":{"index":"index","follow":"follow","max-snippet":"max-snippet:-1","max-image-preview":"max-image-preview:large","max-video-preview":"max-video-preview:-1"},"canonical":"https:\/\/ctacustica.es\/en\/estudio-acustico\/","og_locale":"en_GB","og_type":"article","og_title":"Estudio Ac\u00fastico","og_description":"Los estudios ac\u00fasticos permiten la evaluaci\u00f3n global de la exposici\u00f3n a la contaminaci\u00f3n ac\u00fastica de una determinada zona y la realizaci\u00f3n de predicciones globales para dicha zona. La legislaci\u00f3n vigente exige la elaboraci\u00f3n de estudios ac\u00fasticos con car\u00e1cter previo a la autorizaci\u00f3n de diversas actividades y proyectos. En el Centro Tecnol\u00f3gico de Ac\u00fastica contamos con [&hellip;]","og_url":"https:\/\/ctacustica.es\/en\/estudio-acustico\/","og_site_name":"Centro Tecnol\u00f3gico de Ac\u00fastica","article_modified_time":"2013-05-14T10:52:41+00:00","twitter_card":"summary_large_image","twitter_site":"@ctacustica","twitter_misc":{"Estimated reading time":"2 minutes"},"schema":{"@context":"https:\/\/schema.org","@graph":[{"@type":"WebPage","@id":"https:\/\/ctacustica.es\/estudio-acustico\/","url":"https:\/\/ctacustica.es\/estudio-acustico\/","name":"Acoustic Studies","isPartOf":{"@id":"https:\/\/ctacustica.es\/#website"},"datePublished":"2012-12-25T18:34:52+00:00","dateModified":"2013-05-14T10:52:41+00:00","breadcrumb":{"@id":"https:\/\/ctacustica.es\/estudio-acustico\/#breadcrumb"},"inLanguage":"en-GB","potentialAction":[{"@type":"ReadAction","target":["https:\/\/ctacustica.es\/estudio-acustico\/"]}]},{"@type":"BreadcrumbList","@id":"https:\/\/ctacustica.es\/estudio-acustico\/#breadcrumb","itemListElement":[{"@type":"ListItem","position":1,"name":"Portada","item":"https:\/\/ctacustica.es\/"},{"@type":"ListItem","position":2,"name":"Estudio Ac\u00fastico"}]},{"@type":"WebSite","@id":"https:\/\/ctacustica.es\/#website","url":"https:\/\/ctacustica.es\/","name":"CTA","description":"Pasi\u00f3n por la Ac\u00fastica","publisher":{"@id":"https:\/\/ctacustica.es\/#organization"},"potentialAction":[{"@type":"SearchAction","target":{"@type":"EntryPoint","urlTemplate":"https:\/\/ctacustica.es\/?s={search_term_string}"},"query-input":{"@type":"PropertyValueSpecification","valueRequired":true,"valueName":"search_term_string"}}],"inLanguage":"en-GB"},{"@type":"Organization","@id":"https:\/\/ctacustica.es\/#organization","name":"CTA","url":"https:\/\/ctacustica.es\/","logo":{"@type":"ImageObject","inLanguage":"en-GB","@id":"https:\/\/ctacustica.es\/#\/schema\/logo\/image\/","url":"https:\/\/ctacustica.es\/wp-content\/uploads\/2012\/12\/ap144.png","contentUrl":"https:\/\/ctacustica.es\/wp-content\/uploads\/2012\/12\/ap144.png","width":144,"height":144,"caption":"Centro Tecnol\u00f3gico de Ac\u00fastica"},"image":{"@id":"https:\/\/ctacustica.es\/#\/schema\/logo\/image\/"},"sameAs":["https:\/\/x.com\/ctacustica"]}]}},"_links":{"self":[{"href":"https:\/\/ctacustica.es\/en\/wp-json\/wp\/v2\/pages\/15","targetHints":{"allow":["GET"]}}],"collection":[{"href":"https:\/\/ctacustica.es\/en\/wp-json\/wp\/v2\/pages"}],"about":[{"href":"https:\/\/ctacustica.es\/en\/wp-json\/wp\/v2\/types\/page"}],"author":[{"embeddable":true,"href":"https:\/\/ctacustica.es\/en\/wp-json\/wp\/v2\/users\/6"}],"replies":[{"embeddable":true,"href":"https:\/\/ctacustica.es\/en\/wp-json\/wp\/v2\/comments?post=15"}],"version-history":[{"count":128,"href":"https:\/\/ctacustica.es\/en\/wp-json\/wp\/v2\/pages\/15\/revisions"}],"predecessor-version":[{"id":74,"href":"https:\/\/ctacustica.es\/en\/wp-json\/wp\/v2\/pages\/15\/revisions\/74"}],"wp:attachment":[{"href":"https:\/\/ctacustica.es\/en\/wp-json\/wp\/v2\/media?parent=15"}],"curies":[{"name":"wp","href":"https:\/\/api.w.org\/{rel}","templated":true}]}}